{"id":4595,"date":"2025-07-16T06:13:52","date_gmt":"2025-07-16T06:13:52","guid":{"rendered":"https:\/\/nfhookloop.com\/?post_type=product&#038;p=4595"},"modified":"2026-01-26T02:03:10","modified_gmt":"2026-01-26T02:03:10","slug":"np_shmvc-001","status":"publish","type":"product","link":"https:\/\/nfhookloop.com\/en\/product\/np_shmvc-001\/","title":{"rendered":"\u0110ai b\u1ea3o v\u1ec7 massage \u0111\u1eb7c bi\u1ec7t t\u00f9y ch\u1ec9nh \u2013  b\u0103ng gai, b\u0103ng x\u00f9 d\u00ednh keo nhi\u1ec7t"},"content":{"rendered":"<p>Gi\u1ea3i ph\u00e1p t\u00f9y ch\u1ec9nh linh ho\u1ea1t<br \/>H\u1ed7 tr\u1ee3 t\u00f9y ch\u1ec9nh k\u00edch th\u01b0\u1edbc: chi\u1ec1u r\u1ed9ng v\u00e0 chi\u1ec1u d\u00e0i t\u1eeb 1cm \u2013 1m, \u0111a d\u1ea1ng m\u00e0u s\u1eafc (m\u00e0u da\/\u0111en\/tr\u1eafng\/nhi\u1ec1u m\u00e0u kh\u00e1c) v\u00e0 nhi\u1ec1u thi\u1ebft k\u1ebf h\u00ecnh d\u1ea1ng \u0111\u1ec3 \u0111\u00e1p \u1ee9ng c\u00e1c nhu c\u1ea7u thi\u1ebft k\u1ebf thi\u1ebft b\u1ecb b\u1ea3o h\u1ed9 kh\u00e1c nhau.<br \/>An to\u00e0n &amp; tho\u1ea3i m\u00e1i: b\u1ec1 m\u1eb7t c\u00f3 th\u1ec3 t\u00f9y ch\u1ecdn ch\u1ea5t li\u1ec7u nylon ho\u1eb7c polyester tho\u00e1ng kh\u00ed, m\u1eb7t sau ph\u1ee7 keo nhi\u1ec7t n\u00f3ng ch\u1ea3y ch\u00ednh x\u00e1c cao, t\u1ea1o c\u1ea3m gi\u00e1c \u00eam \u00e1i, kh\u00f4ng g\u00e2y ng\u1ee9a khi ti\u1ebfp x\u00fac v\u1edbi da.<br \/>\u0110\u1ed9 \u0111\u00e0n h\u1ed3i t\u1ed1t: \u00f4m s\u00e1t c\u01a1 th\u1ec3, th\u00edch \u1ee9ng ho\u00e0n h\u1ea3o v\u1edbi \u0111\u01b0\u1eddng cong t\u1ef1 nhi\u00ean.<br \/>Ch\u1ed1ng m\u1ed3 h\u00f4i, c\u00f3 th\u1ec3 gi\u1eb7t v\u00e0 b\u1ec1n b\u1ec9: gi\u1eef nguy\u00ean \u0111\u1ed9 b\u00e1m d\u00ednh ch\u1eafc ch\u1eafn ngay c\u1ea3 sau 50 l\u1ea7n gi\u1eb7t, th\u00edch h\u1ee3p cho ch\u0103m s\u00f3c ph\u1ee5c h\u1ed3i ch\u1ee9c n\u0103ng l\u00e2u d\u00e0i ho\u1eb7c t\u1eadp luy\u1ec7n th\u1ec3 thao c\u01b0\u1eddng \u0111\u1ed9 cao.<br \/>Ch\u1ed1ng n\u01b0\u1edbc &amp; ch\u1ed1ng \u1ea9m: b\u1ea3o \u0111\u1ea3m c\u1ed1 \u0111\u1ecbnh \u1ed5n \u0111\u1ecbnh trong m\u1ecdi \u0111i\u1ec1u ki\u1ec7n s\u1eed d\u1ee5ng.<\/p>","protected":false},"excerpt":{"rendered":"<p>\u0110\u1ed9 b\u00e1m d\u00ednh m\u1ea1nh \u2013 \u1ed4n \u0111\u1ecbnh l\u00e2u d\u00e0i<br \/>\u1ee8ng d\u1ee5ng c\u00f4ng ngh\u1ec7 keo nhi\u1ec7t n\u00f3ng ch\u1ea3y \u1edf nhi\u1ec7t \u0111\u1ed9 cao, l\u1ef1c b\u00e1m d\u00ednh \u0111\u01b0\u1ee3c t\u0103ng c\u01b0\u1eddng t\u1edbi 50%. S\u1ea3n ph\u1ea9m c\u00f3 th\u1ec3 th\u00e1o d\u00e1n nhi\u1ec1u l\u1ea7n m\u00e0 kh\u00f4ng b\u1ecb bong t\u00e1ch l\u1edbp, \u0111\u1ea3m b\u1ea3o \u0111ai massage\/thi\u1ebft b\u1ecb b\u1ea3o h\u1ed9 lu\u00f4n c\u1ed1 \u0111\u1ecbnh ch\u1eafc ch\u1eafn trong th\u1eddi gian d\u00e0i, kh\u00f4ng x\u00ea d\u1ecbch khi v\u1eadn \u0111\u1ed9ng.<\/p>","protected":false},"featured_media":4606,"comment_status":"open","ping_status":"closed","template":"","meta":[],"product_brand":[62],"product_cat":[16,78,104,18,86,83],"product_tag":[65,136,66,64,117],"class_list":{"0":"post-4595","1":"product","2":"type-product","3":"status-publish","4":"has-post-thumbnail","6":"product_brand-namphuong","7":"product_cat-special","8":"product_cat-injection","9":"product_cat-medicalmilitary","10":"product_cat-adhesive","11":"product_cat-tapes","12":"product_cat-hot-melt","13":"product_tag-100-nylon","14":"product_tag-adhesive","15":"product_tag-customized","16":"product_tag-hook-and-loop","17":"product_tag-hot-melt","19":"first","20":"instock","21":"taxable","22":"shipping-taxable","23":"product-type-simple"},"_links":{"self":[{"href":"https:\/\/nfhookloop.com\/en\/wp-json\/wp\/v2\/product\/4595","targetHints":{"allow":["GET"]}}],"collection":[{"href":"https:\/\/nfhookloop.com\/en\/wp-json\/wp\/v2\/product"}],"about":[{"href":"https:\/\/nfhookloop.com\/en\/wp-json\/wp\/v2\/types\/product"}],"replies":[{"embeddable":true,"href":"https:\/\/nfhookloop.com\/en\/wp-json\/wp\/v2\/comments?post=4595"}],"wp:featuredmedia":[{"embeddable":true,"href":"https:\/\/nfhookloop.com\/en\/wp-json\/wp\/v2\/media\/4606"}],"wp:attachment":[{"href":"https:\/\/nfhookloop.com\/en\/wp-json\/wp\/v2\/media?parent=4595"}],"wp:term":[{"taxonomy":"product_brand","embeddable":true,"href":"https:\/\/nfhookloop.com\/en\/wp-json\/wp\/v2\/product_brand?post=4595"},{"taxonomy":"product_cat","embeddable":true,"href":"https:\/\/nfhookloop.com\/en\/wp-json\/wp\/v2\/product_cat?post=4595"},{"taxonomy":"product_tag","embeddable":true,"href":"https:\/\/nfhookloop.com\/en\/wp-json\/wp\/v2\/product_tag?post=4595"}],"curies":[{"name":"wp","href":"https:\/\/api.w.org\/{rel}","templated":true}]}}