{"id":4608,"date":"2025-07-16T06:53:47","date_gmt":"2025-07-16T06:53:47","guid":{"rendered":"https:\/\/nfhookloop.com\/?post_type=product&#038;p=4608"},"modified":"2026-01-26T02:01:41","modified_gmt":"2026-01-26T02:01:41","slug":"np_wgvmb-001","status":"publish","type":"product","link":"https:\/\/nfhookloop.com\/en\/product\/np_wgvmb-001\/","title":{"rendered":"B\u0103ng d\u00e1n gai \u2013 x\u00f9 c\u1ea5u tr\u00fac l\u01b0\u1edbi ch\u00e9o, c\u00f3 keo d\u00e1n t\u00f9y ch\u1ec9nh, d\u1ec5 d\u00e0ng v\u1ec7 sinh."},"content":{"rendered":"<p>X\u00e9 ra v\u00e0 d\u00e1n \u2013 L\u01b0u tr\u1eef theo \u00fd b\u1ea1n<br \/>Kh\u00f4ng c\u1ea7n khoan, kh\u00f4ng c\u1ea7n d\u1ee5ng c\u1ee5 \u2013 ho\u00e0n th\u00e0nh vi\u1ec7c c\u1ed1 \u0111\u1ecbnh d\u00e2y \u0111i\u1ec7n, l\u1eafp \u0111\u1eb7t d\u1ee5ng c\u1ee5 treo t\u01b0\u1eddng, k\u1eb9p t\u00e0i li\u1ec7u ch\u1ec9 trong 5 gi\u00e2y. Gi\u00fap b\u1ea1n n\u00f3i l\u1eddi t\u1ea1m bi\u1ec7t v\u1edbi s\u1ef1 b\u1eeba b\u1ed9n v\u00e0 t\u0103ng g\u1ea5p \u0111\u00f4i hi\u1ec7u qu\u1ea3 s\u1eed d\u1ee5ng kh\u00f4ng gian.<br \/>T\u00ednh \u1ee9ng d\u1ee5ng linh ho\u1ea1t, \u0111a n\u0103ng \u2013 ph\u00f9 h\u1ee3p cho nhi\u1ec1u gi\u1ea3i ph\u00e1p l\u01b0u tr\u1eef v\u00e0 s\u1eafp x\u1ebfp s\u00e1ng t\u1ea1o.<br \/>L\u01b0\u1edbi trong su\u1ed1t c\u00f3 th\u1ec3 t\u00f9y ch\u1ec9nh \u2013 d\u1ec5 d\u00e0ng c\u1eaft theo k\u00edch th\u01b0\u1edbc mong mu\u1ed1n, gi\u00fap c\u1ed1 \u0111\u1ecbnh \u1ea9n c\u00e1c thi\u1ebft b\u1ecb nh\u01b0 router, \u1ed5 \u0111i\u1ec7n, d\u1ee5ng c\u1ee5 v\u1ec7 sinh, h\u1ed9p b\u00fat\u2026, mang \u0111\u1ebfn kh\u00f4ng gian t\u1ed1i gi\u1ea3n, g\u1ecdn g\u00e0ng v\u00e0 th\u1ea9m m\u1ef9.<\/p>","protected":false},"excerpt":{"rendered":"<p>L\u1edbp keo l\u01b0\u1edbi si\u00eau b\u1ec1n \u2013 Kh\u00f4ng g\u00e2y h\u01b0 h\u1ea1i b\u1ec1 m\u1eb7t<br \/>V\u1ea3i l\u01b0\u1edbi m\u1eadt \u0111\u1ed9 cao + thi\u1ebft k\u1ebf keo si\u00eau d\u00ednh: t\u0103ng c\u01b0\u1eddng \u0111\u1ed9 b\u00e1m d\u00ednh l\u00ean \u0111\u1ebfn 60% so v\u1edbi th\u00f4ng th\u01b0\u1eddng.<br \/>B\u00e1m ch\u1eafc tr\u00ean nhi\u1ec1u b\u1ec1 m\u1eb7t nh\u01b0 g\u1ea1ch men, k\u00ednh, kim lo\u1ea1i.<br \/>Khi b\u00f3c ra kh\u00f4ng \u0111\u1ec3 l\u1ea1i v\u1ebft keo, kh\u00f4ng l\u00e0m h\u1ecfng b\u1ec1 m\u1eb7t.<\/p>","protected":false},"featured_media":4610,"comment_status":"open","ping_status":"closed","template":"","meta":[],"product_brand":[62],"product_cat":[118,16,18,86],"product_tag":[136,119,66,64],"class_list":{"0":"post-4608","1":"product","2":"type-product","3":"status-publish","4":"has-post-thumbnail","6":"product_brand-namphuong","7":"product_cat-netadhesive","8":"product_cat-special","9":"product_cat-adhesive","10":"product_cat-tapes","11":"product_tag-adhesive","12":"product_tag-cross-net-adhesive","13":"product_tag-customized","14":"product_tag-hook-and-loop","16":"first","17":"instock","18":"taxable","19":"shipping-taxable","20":"product-type-simple"},"_links":{"self":[{"href":"https:\/\/nfhookloop.com\/en\/wp-json\/wp\/v2\/product\/4608","targetHints":{"allow":["GET"]}}],"collection":[{"href":"https:\/\/nfhookloop.com\/en\/wp-json\/wp\/v2\/product"}],"about":[{"href":"https:\/\/nfhookloop.com\/en\/wp-json\/wp\/v2\/types\/product"}],"replies":[{"embeddable":true,"href":"https:\/\/nfhookloop.com\/en\/wp-json\/wp\/v2\/comments?post=4608"}],"wp:featuredmedia":[{"embeddable":true,"href":"https:\/\/nfhookloop.com\/en\/wp-json\/wp\/v2\/media\/4610"}],"wp:attachment":[{"href":"https:\/\/nfhookloop.com\/en\/wp-json\/wp\/v2\/media?parent=4608"}],"wp:term":[{"taxonomy":"product_brand","embeddable":true,"href":"https:\/\/nfhookloop.com\/en\/wp-json\/wp\/v2\/product_brand?post=4608"},{"taxonomy":"product_cat","embeddable":true,"href":"https:\/\/nfhookloop.com\/en\/wp-json\/wp\/v2\/product_cat?post=4608"},{"taxonomy":"product_tag","embeddable":true,"href":"https:\/\/nfhookloop.com\/en\/wp-json\/wp\/v2\/product_tag?post=4608"}],"curies":[{"name":"wp","href":"https:\/\/api.w.org\/{rel}","templated":true}]}}