{"id":4733,"date":"2025-07-21T06:19:05","date_gmt":"2025-07-21T06:19:05","guid":{"rendered":"https:\/\/nfhookloop.com\/?post_type=product&#038;p=4733"},"modified":"2026-01-24T07:06:05","modified_gmt":"2026-01-24T07:06:05","slug":"np_cgmtsv-1","status":"publish","type":"product","link":"https:\/\/nfhookloop.com\/en\/product\/np_cgmtsv-1\/","title":{"rendered":"B\u0103ng gai, b\u0103ng x\u00f9 may c\u00f9ng m\u1eb7t \u2013 T\u00f9y ch\u1ec9nh theo y\u00eau c\u1ea7u, d\u00f9ng l\u00e0m v\u1ecf b\u1ea3o v\u1ec7 d\u00e2y c\u00e1p"},"content":{"rendered":"<p>\u0110\u1ed9 b\u00e1m v\u01b0\u1ee3t tr\u1ed9i<br \/>B\u0103ng gai, b\u0103ng x\u00f9 l\u00e0m t\u1eeb nylon cao c\u1ea5p, c\u00f3 \u0111\u1ed9 b\u00e1m ch\u1eafc, b\u1ec1n b\u1ec9 v\u00e0 t\u00e1i s\u1eed d\u1ee5ng nhi\u1ec1u l\u1ea7n. M\u1ed7i m\u1eb7t m\u00f3c k\u1ebft h\u1ee3p ch\u1eb7t ch\u1ebd v\u1edbi m\u1eb7t l\u00f4ng, gi\u00fap ng\u0103n r\u01a1i r\u1edbt hi\u1ec7u qu\u1ea3.<br \/>C\u1eaft theo k\u00edch th\u01b0\u1edbc t\u00f9y ch\u1ec9nh<br \/>Cu\u1ed9n b\u0103ng c\u00f3 th\u1ec3 k\u00e9o d\u00e0i v\u00e0 c\u1eaft theo chi\u1ec1u d\u00e0i mong mu\u1ed1n, d\u1ec5 d\u00e0ng t\u1ea1o th\u00e0nh c\u00e1c d\u1ea3i b\u0103ng gai ri\u00eang l\u1ebb. Ch\u1ec9 c\u1ea7n \u00e9p m\u1eb7t gai v\u00e0 m\u1eb7t x\u00f9 l\u1ea1i v\u1edbi nhau l\u00e0 \u0111\u00e3 c\u00f3 \u0111\u1ed9 c\u1ed1 \u0111\u1ecbnh ch\u1eafc ch\u1eafn.<br \/>\u1ee8ng d\u1ee5ng \u0111a d\u1ea1ng<br \/>B\u0103ng gai, b\u0103ng x\u00f9 \u0111\u01b0\u1ee3c s\u1eed d\u1ee5ng r\u1ed9ng r\u00e3i trong may m\u1eb7c, th\u1ee7 c\u00f4ng DIY, t\u00fai x\u00e1ch, qu\u1ea7n \u00e1o, gi\u00e0y d\u00e9p\u2026.<br \/>Th\u00edch h\u1ee3p cho gia \u0111\u00ecnh, v\u0103n ph\u00f2ng, tr\u01b0\u1eddng h\u1ecdc. C\u00f3 th\u1ec3 c\u1eaft theo k\u00edch th\u01b0\u1edbc b\u1ea1n c\u1ea7n, l\u00e0 v\u1eadt d\u1ee5ng thi\u1ebft y\u1ebfu trong m\u1ecdi gia \u0111\u00ecnh.<\/p>","protected":false},"excerpt":{"rendered":"<p>K\u00edch th\u01b0\u1edbc &amp; S\u1ed1 l\u01b0\u1ee3ng \u2013 B\u0103ng gai d\u00ednh c\u00f9ng m\u1eb7t , h\u1ed7 tr\u1ee3 t\u00f9y ch\u1ec9nh<br \/>D\u00e2y gai d\u00ednh may-on kh\u00f4ng c\u00f3 keo d\u00e1n s\u1eb5n, d\u1ec5 d\u00e0ng may tr\u1ef1c ti\u1ebfp l\u00ean qu\u1ea7n \u00e1o, v\u1ea3i v\u00f3c, da.<br \/>C\u00f3 th\u1ec3 may th\u1ee7 c\u00f4ng b\u1eb1ng tay ho\u1eb7c may b\u1eb1ng m\u00e1y, ti\u1ec7n l\u1ee3i v\u00e0 linh ho\u1ea1t trong nhi\u1ec1u \u1ee9ng d\u1ee5ng.<br \/>Thi\u1ebft k\u1ebf c\u00f9ng m\u1eb7t gi\u00fap c\u1ed1 \u0111\u1ecbnh ch\u1eafc ch\u1eafn v\u00e0 b\u1ec1n b\u1ec9.<br \/>H\u1ed7 tr\u1ee3 t\u00f9y ch\u1ec9nh k\u00edch th\u01b0\u1edbc &amp; s\u1ed1 l\u01b0\u1ee3ng theo nhu c\u1ea7u s\u1eed d\u1ee5ng th\u1ef1c t\u1ebf.<\/p>","protected":false},"featured_media":4734,"comment_status":"open","ping_status":"closed","template":"","meta":[],"product_brand":[62],"product_cat":[16,91,19,93],"product_tag":[127,126,128,125],"class_list":{"0":"post-4733","1":"product","2":"type-product","3":"status-publish","4":"has-post-thumbnail","6":"product_brand-namphuong","7":"product_cat-special","8":"product_cat-same","9":"product_cat-standard","10":"product_cat-sew","11":"product_tag-back-nylon-fabric-fastener-strips-for-clothing-sewing","12":"product_tag-easy-to-sew","13":"product_tag-same-side","14":"product_tag-sew-on-hook-and-loop-strips","16":"first","17":"instock","18":"taxable","19":"shipping-taxable","20":"product-type-simple"},"_links":{"self":[{"href":"https:\/\/nfhookloop.com\/en\/wp-json\/wp\/v2\/product\/4733","targetHints":{"allow":["GET"]}}],"collection":[{"href":"https:\/\/nfhookloop.com\/en\/wp-json\/wp\/v2\/product"}],"about":[{"href":"https:\/\/nfhookloop.com\/en\/wp-json\/wp\/v2\/types\/product"}],"replies":[{"embeddable":true,"href":"https:\/\/nfhookloop.com\/en\/wp-json\/wp\/v2\/comments?post=4733"}],"wp:featuredmedia":[{"embeddable":true,"href":"https:\/\/nfhookloop.com\/en\/wp-json\/wp\/v2\/media\/4734"}],"wp:attachment":[{"href":"https:\/\/nfhookloop.com\/en\/wp-json\/wp\/v2\/media?parent=4733"}],"wp:term":[{"taxonomy":"product_brand","embeddable":true,"href":"https:\/\/nfhookloop.com\/en\/wp-json\/wp\/v2\/product_brand?post=4733"},{"taxonomy":"product_cat","embeddable":true,"href":"https:\/\/nfhookloop.com\/en\/wp-json\/wp\/v2\/product_cat?post=4733"},{"taxonomy":"product_tag","embeddable":true,"href":"https:\/\/nfhookloop.com\/en\/wp-json\/wp\/v2\/product_tag?post=4733"}],"curies":[{"name":"wp","href":"https:\/\/api.w.org\/{rel}","templated":true}]}}