{"id":4738,"date":"2025-07-21T06:30:40","date_gmt":"2025-07-21T06:30:40","guid":{"rendered":"https:\/\/nfhookloop.com\/?post_type=product&#038;p=4738"},"modified":"2026-01-24T07:09:29","modified_gmt":"2026-01-24T07:09:29","slug":"np_bgmtsv-2","status":"publish","type":"product","link":"https:\/\/nfhookloop.com\/en\/product\/np_bgmtsv-2\/","title":{"rendered":"B\u0103ng d\u00e1n b\u0103ng gai, b\u0103ng x\u00f9 c\u00f9ng th\u00e2n, c\u00f3 keo v\u00e0 may d\u00e1n t\u00f9y ch\u1ec9nh, m\u00e0u \u0111en"},"content":{"rendered":"<p>\u0110\u1ed9 b\u00e1m v\u01b0\u1ee3t tr\u1ed9i<br \/>B\u0103ng gai d\u00ednh \u0111\u01b0\u1ee3c l\u00e0m t\u1eeb nylon cao c\u1ea5p, c\u00f3 kh\u1ea3 n\u0103ng b\u00e1m ch\u1eafc, b\u1ec1n b\u1ec9 v\u00e0 t\u00e1i s\u1eed d\u1ee5ng nhi\u1ec1u l\u1ea7n. M\u1eb7t m\u00f3c v\u00e0 m\u1eb7t l\u00f4ng k\u1ebft h\u1ee3p ch\u1eb7t ch\u1ebd, gi\u00fap ng\u0103n r\u01a1i r\u1edbt hi\u1ec7u qu\u1ea3.<br \/>D\u1ec5 d\u00e0ng c\u1eaft theo k\u00edch th\u01b0\u1edbc mong mu\u1ed1n<br \/>D\u1ea1ng cu\u1ed9n linh ho\u1ea1t, c\u00f3 th\u1ec3 k\u00e9o d\u00e0i v\u00e0 c\u1eaft theo chi\u1ec1u d\u00e0i t\u00f9y ch\u1ec9nh. Ch\u1ec9 c\u1ea7n \u00e9p m\u1eb7t m\u00f3c v\u00e0 m\u1eb7t l\u00f4ng l\u1ea1i v\u1edbi nhau l\u00e0 \u0111\u00e3 c\u00f3 \u0111\u1ed9 b\u00e1m d\u00ednh ch\u1eafc ch\u1eafn.<br \/>\u1ee8ng d\u1ee5ng \u0111a d\u1ea1ng<br \/>B\u0103ng gai, b\u0103ng x\u00f9 \u0111\u01b0\u1ee3c s\u1eed d\u1ee5ng r\u1ed9ng r\u00e3i trong may m\u1eb7c, th\u1ee7 c\u00f4ng DIY, t\u00fai x\u00e1ch, qu\u1ea7n \u00e1o, gi\u00e0y d\u00e9p\u2026<br \/>Th\u00edch h\u1ee3p cho gia \u0111\u00ecnh, v\u0103n ph\u00f2ng, tr\u01b0\u1eddng h\u1ecdc. C\u00f3 th\u1ec3 c\u1eaft theo k\u00edch th\u01b0\u1edbc mong mu\u1ed1n, l\u00e0 v\u1eadt d\u1ee5ng thi\u1ebft y\u1ebfu trong m\u1ed7i gia \u0111\u00ecnh.<\/p>","protected":false},"excerpt":{"rendered":"<p>K\u00edch th\u01b0\u1edbc &amp; S\u1ed1 l\u01b0\u1ee3ng \u2013 B\u0103ng gai d\u00ednh c\u00f9ng m\u1eb7t, h\u1ed7 tr\u1ee3 t\u00f9y ch\u1ec9nh<br \/>D\u00e2y gai d\u00ednh may-on kh\u00f4ng keo d\u00e1n, ti\u1ec7n l\u1ee3i \u0111\u1ec3 may tr\u1ef1c ti\u1ebfp l\u00ean qu\u1ea7n \u00e1o, v\u1ea3i, da.<br \/>C\u00f3 th\u1ec3 may b\u1eb1ng tay ho\u1eb7c b\u1eb1ng m\u00e1y m\u1ed9t c\u00e1ch d\u1ec5 d\u00e0ng, ph\u00f9 h\u1ee3p cho nhi\u1ec1u m\u1ee5c \u0111\u00edch s\u1eed d\u1ee5ng.<br \/>Thi\u1ebft k\u1ebf c\u00f9ng m\u1eb7t gi\u00fap c\u1ed1 \u0111\u1ecbnh ch\u1eafc ch\u1eafn, b\u1ec1n b\u1ec9, v\u00e0 c\u00f3 th\u1ec3 t\u00f9y ch\u1ec9nh k\u00edch th\u01b0\u1edbc, s\u1ed1 l\u01b0\u1ee3ng theo y\u00eau c\u1ea7u.<br \/>M\u00e0u \u0111en sang tr\u1ecdng, d\u1ec5 ph\u1ed1i h\u1ee3p v\u1edbi nhi\u1ec1u lo\u1ea1i ch\u1ea5t li\u1ec7u.<\/p>","protected":false},"featured_media":4739,"comment_status":"open","ping_status":"closed","template":"","meta":[],"product_brand":[62],"product_cat":[121,16,91,18,19,93],"product_tag":[127,126,128,125],"class_list":{"0":"post-4738","1":"product","2":"type-product","3":"status-publish","4":"has-post-thumbnail","6":"product_brand-namphuong","7":"product_cat-adhesives","8":"product_cat-special","9":"product_cat-same","10":"product_cat-adhesive","11":"product_cat-standard","12":"product_cat-sew","13":"product_tag-back-nylon-fabric-fastener-strips-for-clothing-sewing","14":"product_tag-easy-to-sew","15":"product_tag-same-side","16":"product_tag-sew-on-hook-and-loop-strips","18":"first","19":"instock","20":"taxable","21":"shipping-taxable","22":"product-type-simple"},"_links":{"self":[{"href":"https:\/\/nfhookloop.com\/en\/wp-json\/wp\/v2\/product\/4738","targetHints":{"allow":["GET"]}}],"collection":[{"href":"https:\/\/nfhookloop.com\/en\/wp-json\/wp\/v2\/product"}],"about":[{"href":"https:\/\/nfhookloop.com\/en\/wp-json\/wp\/v2\/types\/product"}],"replies":[{"embeddable":true,"href":"https:\/\/nfhookloop.com\/en\/wp-json\/wp\/v2\/comments?post=4738"}],"wp:featuredmedia":[{"embeddable":true,"href":"https:\/\/nfhookloop.com\/en\/wp-json\/wp\/v2\/media\/4739"}],"wp:attachment":[{"href":"https:\/\/nfhookloop.com\/en\/wp-json\/wp\/v2\/media?parent=4738"}],"wp:term":[{"taxonomy":"product_brand","embeddable":true,"href":"https:\/\/nfhookloop.com\/en\/wp-json\/wp\/v2\/product_brand?post=4738"},{"taxonomy":"product_cat","embeddable":true,"href":"https:\/\/nfhookloop.com\/en\/wp-json\/wp\/v2\/product_cat?post=4738"},{"taxonomy":"product_tag","embeddable":true,"href":"https:\/\/nfhookloop.com\/en\/wp-json\/wp\/v2\/product_tag?post=4738"}],"curies":[{"name":"wp","href":"https:\/\/api.w.org\/{rel}","templated":true}]}}