{"id":4742,"date":"2025-07-21T06:39:46","date_gmt":"2025-07-21T06:39:46","guid":{"rendered":"https:\/\/nfhookloop.com\/?post_type=product&#038;p=4742"},"modified":"2026-01-24T07:05:10","modified_gmt":"2026-01-24T07:05:10","slug":"np_wgmttv-3","status":"publish","type":"product","link":"https:\/\/nfhookloop.com\/en\/product\/np_wgmttv-3\/","title":{"rendered":"B\u0103ng gai, b\u0103ng x\u00f9  may m\u1ed9t m\u1eb7t t\u00edch h\u1ee3p t\u00f9y ch\u1ec9nh \u2013 m\u00e0u \u0111en\/tr\u1eafng."},"content":{"rendered":"<p>\u0110\u1ed9 b\u00e1m ch\u1eafc ch\u1eafn \u2013 B\u0103ng gai, b\u0103ng x\u00f9 l\u00e0m t\u1eeb nylon, b\u00e1m d\u00ednh m\u1ea1nh, b\u1ec1n v\u00e0 t\u00e1i s\u1eed d\u1ee5ng nhi\u1ec1u l\u1ea7n. M\u1eb7t gai v\u00e0 m\u1eb7t x\u00f9 k\u1ebft h\u1ee3p ch\u1eb7t ch\u1ebd, ng\u0103n r\u01a1i tu\u1ed9t hi\u1ec7u qu\u1ea3.<br \/>C\u1eaft theo k\u00edch th\u01b0\u1edbc t\u00f9y \u00fd \u2013 Cu\u1ed9n b\u0103ng c\u00f3 th\u1ec3 k\u00e9o d\u00e0i, c\u1eaft th\u00e0nh c\u00e1c \u0111o\u1ea1n theo nhu c\u1ea7u. Ch\u1ec9 c\u1ea7n \u00e9p hai m\u1eb7t l\u1ea1i l\u00e0 c\u1ed1 \u0111\u1ecbnh ch\u1eafc ch\u1eafn.<br \/>\u1ee8ng d\u1ee5ng r\u1ed9ng r\u00e3i \u2013 Mi\u1ebfng d\u00e1n may \u0111\u01b0\u1ee3c d\u00f9ng ph\u1ed5 bi\u1ebfn trong may v\u00e1, th\u1ee7 c\u00f4ng DIY, t\u00fai x\u00e1ch, qu\u1ea7n \u00e1o, gi\u00e0y d\u00e9p\u2026 Ph\u00f9 h\u1ee3p cho gia \u0111\u00ecnh, v\u0103n ph\u00f2ng, tr\u01b0\u1eddng h\u1ecdc. C\u00f3 th\u1ec3 c\u1eaft theo k\u00edch th\u01b0\u1edbc mong mu\u1ed1n, l\u00e0 v\u1eadt d\u1ee5ng thi\u1ebft y\u1ebfu trong m\u1ecdi nh\u00e0.<\/p>","protected":false},"excerpt":{"rendered":"<p>K\u00edch th\u01b0\u1edbc &amp; S\u1ed1 l\u01b0\u1ee3ng \u2013 B\u0103ng gai, b\u0103ng x\u00f9 may t\u00edch h\u1ee3p m\u1ed9t m\u1eb7t, h\u1ed7 tr\u1ee3 t\u00f9y ch\u1ec9nh theo y\u00eau c\u1ea7u.<br \/>Ti\u1ec7n l\u1ee3i khi may v\u00e1 \u2013 B\u0103ng gai, b\u0103ng x\u00f9 kh\u00f4ng keo, d\u1ec5 d\u00e0ng may l\u00ean qu\u1ea7n \u00e1o, v\u1ea3i, da\u2026 C\u00f3 th\u1ec3 may b\u1eb1ng tay ho\u1eb7c b\u1eb1ng m\u00e1y nhanh ch\u00f3ng.<\/p>","protected":false},"featured_media":4743,"comment_status":"open","ping_status":"closed","template":"","meta":[],"product_brand":[62],"product_cat":[16,91,19,93],"product_tag":[127,126,128,125],"class_list":{"0":"post-4742","1":"product","2":"type-product","3":"status-publish","4":"has-post-thumbnail","6":"product_brand-namphuong","7":"product_cat-special","8":"product_cat-same","9":"product_cat-standard","10":"product_cat-sew","11":"product_tag-back-nylon-fabric-fastener-strips-for-clothing-sewing","12":"product_tag-easy-to-sew","13":"product_tag-same-side","14":"product_tag-sew-on-hook-and-loop-strips","16":"first","17":"instock","18":"taxable","19":"shipping-taxable","20":"product-type-simple"},"_links":{"self":[{"href":"https:\/\/nfhookloop.com\/en\/wp-json\/wp\/v2\/product\/4742","targetHints":{"allow":["GET"]}}],"collection":[{"href":"https:\/\/nfhookloop.com\/en\/wp-json\/wp\/v2\/product"}],"about":[{"href":"https:\/\/nfhookloop.com\/en\/wp-json\/wp\/v2\/types\/product"}],"replies":[{"embeddable":true,"href":"https:\/\/nfhookloop.com\/en\/wp-json\/wp\/v2\/comments?post=4742"}],"wp:featuredmedia":[{"embeddable":true,"href":"https:\/\/nfhookloop.com\/en\/wp-json\/wp\/v2\/media\/4743"}],"wp:attachment":[{"href":"https:\/\/nfhookloop.com\/en\/wp-json\/wp\/v2\/media?parent=4742"}],"wp:term":[{"taxonomy":"product_brand","embeddable":true,"href":"https:\/\/nfhookloop.com\/en\/wp-json\/wp\/v2\/product_brand?post=4742"},{"taxonomy":"product_cat","embeddable":true,"href":"https:\/\/nfhookloop.com\/en\/wp-json\/wp\/v2\/product_cat?post=4742"},{"taxonomy":"product_tag","embeddable":true,"href":"https:\/\/nfhookloop.com\/en\/wp-json\/wp\/v2\/product_tag?post=4742"}],"curies":[{"name":"wp","href":"https:\/\/api.w.org\/{rel}","templated":true}]}}