{"id":4750,"date":"2025-07-21T07:41:04","date_gmt":"2025-07-21T07:41:04","guid":{"rendered":"https:\/\/nfhookloop.com\/?post_type=product&#038;p=4750"},"modified":"2026-01-24T07:04:04","modified_gmt":"2026-01-24T07:04:04","slug":"np_cmhv-1","status":"publish","type":"product","link":"https:\/\/nfhookloop.com\/en\/product\/np_cmhv-1\/","title":{"rendered":"B\u0103ng gai, b\u0103ng x\u00f9 may tu\u1ef3 ch\u1ec9nh \u2013 Ho\u1ea1 ti\u1ebft ng\u1ee5y trang: sa m\u1ea1c k\u1ef9 thu\u1eadt s\u1ed1, r\u1eebng s\u00e2u"},"content":{"rendered":"<p>Thi\u1ebft k\u1ebf m\u00f4-\u0111un \u2013 H\u1ed7 tr\u1ee3 thay th\u1ebf nhanh c\u00e1c \u0111\u01a1n v\u1ecb ng\u1ee5y trang, \u0111\u00e1p \u1ee9ng nhu c\u1ea7u \u1ea9n gi\u1ea5u trong nhi\u1ec1u t\u00ecnh hu\u1ed1ng kh\u00e1c nhau.<br \/>T\u1eeb \u0111\u1eb7c nhi\u1ec7m \u0111\u1ebfn chuy\u00ean gia sinh t\u1ed3n \u2013 \u0110\u00e2y ch\u00ednh l\u00e0 \u201ck\u1ef9 thu\u1eadt bi\u1ebfn m\u1ea5t quang h\u1ecdc\u201d m\u00e0 b\u1ea1n c\u1ea7n.<\/p>","protected":false},"excerpt":{"rendered":"<p>K\u1ef9 thu\u1eadt in nhu\u1ed9m tinh x\u1ea3o \u2013 T\u00e1i hi\u1ec7n nhi\u1ec1u d\u1ea1ng \u0111\u1ecba h\u00ecnh chi\u1ebfn tr\u01b0\u1eddng nh\u01b0 r\u1eebng ng\u1ee5y trang, r\u1eebng r\u1eadm, sa m\u1ea1c v\u00e0 b\u0103ng tuy\u1ebft.<br \/>Ch\u1ea5t l\u01b0\u1ee3ng \u1ed5n \u0111\u1ecbnh \u2013 Hoa v\u0103n kh\u00f4ng b\u1ecb b\u00f3ng lo\u00e1ng, gi\u1eef m\u00e0u b\u1ec1n \u0111\u1eb9p ngay c\u1ea3 sau khi th\u1eed nghi\u1ec7m m\u00e0i m\u00f2n.<\/p>","protected":false},"featured_media":4751,"comment_status":"open","ping_status":"closed","template":"","meta":[],"product_brand":[62],"product_cat":[16,84,19,93],"product_tag":[127,126,128,125],"class_list":{"0":"post-4750","1":"product","2":"type-product","3":"status-publish","4":"has-post-thumbnail","6":"product_brand-namphuong","7":"product_cat-special","8":"product_cat-print","9":"product_cat-standard","10":"product_cat-sew","11":"product_tag-back-nylon-fabric-fastener-strips-for-clothing-sewing","12":"product_tag-easy-to-sew","13":"product_tag-same-side","14":"product_tag-sew-on-hook-and-loop-strips","16":"first","17":"instock","18":"taxable","19":"shipping-taxable","20":"product-type-simple"},"_links":{"self":[{"href":"https:\/\/nfhookloop.com\/en\/wp-json\/wp\/v2\/product\/4750","targetHints":{"allow":["GET"]}}],"collection":[{"href":"https:\/\/nfhookloop.com\/en\/wp-json\/wp\/v2\/product"}],"about":[{"href":"https:\/\/nfhookloop.com\/en\/wp-json\/wp\/v2\/types\/product"}],"replies":[{"embeddable":true,"href":"https:\/\/nfhookloop.com\/en\/wp-json\/wp\/v2\/comments?post=4750"}],"wp:featuredmedia":[{"embeddable":true,"href":"https:\/\/nfhookloop.com\/en\/wp-json\/wp\/v2\/media\/4751"}],"wp:attachment":[{"href":"https:\/\/nfhookloop.com\/en\/wp-json\/wp\/v2\/media?parent=4750"}],"wp:term":[{"taxonomy":"product_brand","embeddable":true,"href":"https:\/\/nfhookloop.com\/en\/wp-json\/wp\/v2\/product_brand?post=4750"},{"taxonomy":"product_cat","embeddable":true,"href":"https:\/\/nfhookloop.com\/en\/wp-json\/wp\/v2\/product_cat?post=4750"},{"taxonomy":"product_tag","embeddable":true,"href":"https:\/\/nfhookloop.com\/en\/wp-json\/wp\/v2\/product_tag?post=4750"}],"curies":[{"name":"wp","href":"https:\/\/api.w.org\/{rel}","templated":true}]}}