{"id":4760,"date":"2025-07-21T08:11:16","date_gmt":"2025-07-21T08:11:16","guid":{"rendered":"https:\/\/nfhookloop.com\/?post_type=product&#038;p=4760"},"modified":"2026-01-24T07:00:49","modified_gmt":"2026-01-24T07:00:49","slug":"np_dhvm-1","status":"publish","type":"product","link":"https:\/\/nfhookloop.com\/en\/product\/np_dhvm-1\/","title":{"rendered":"Gia c\u00f4ng theo y\u00eau c\u1ea7u, b\u0103ng gai, b\u0103ng x\u00f9 kh\u00f3a d\u00e1n hai m\u1eb7t b\u1eb1ng c\u00f4ng ngh\u1ec7 \u00e9p phun \u2013 Nhi\u1ec1u m\u1eabu m\u00e3 l\u1ef1a ch\u1ecdn"},"content":{"rendered":"<p>Ch\u1ed1ng k\u00e9o gi\u00e3n v\u00e0 m\u00e0i m\u00f2n: S\u1eed d\u1ee5ng s\u1ee3i gai nylon m\u1eadt \u0111\u1ed9 cao, c\u00f3 th\u1ec3 b\u1ecb k\u00e9o v\u00e0 x\u00e9 nhi\u1ec1u l\u1ea7n m\u00e0 kh\u00f4ng bi\u1ebfn d\u1ea1ng, ch\u1ecbu \u0111\u01b0\u1ee3c l\u1ef1c s\u1eed d\u1ee5ng c\u01b0\u1eddng \u0111\u1ed9 cao.<br \/>H\u00ecnh d\u1ea1ng c\u00f3 th\u1ec3 \u0111\u01b0\u1ee3c t\u00f9y ch\u1ec9nh, v\u00e0 ch\u00fang t\u00f4i c\u0169ng cung c\u1ea5p c\u00e1c lo\u1ea1i b\u0103ng gai ti\u00eau chu\u1ea9n.<\/p>","protected":false},"excerpt":{"rendered":"<p>Gia c\u00f4ng theo y\u00eau c\u1ea7u kh\u00f3a d\u00e1n hai m\u1eb7t b\u1eb1ng c\u00f4ng ngh\u1ec7 \u00e9p phun \u2013 Nhi\u1ec1u m\u1eabu m\u00e3 l\u1ef1a ch\u1ecdn<\/p>","protected":false},"featured_media":4761,"comment_status":"open","ping_status":"closed","template":"","meta":[],"product_brand":[62],"product_cat":[16,78,98,93],"product_tag":[130,132,129,131],"class_list":{"0":"post-4760","1":"product","2":"type-product","3":"status-publish","4":"has-post-thumbnail","6":"product_brand-namphuong","7":"product_cat-special","8":"product_cat-injection","9":"product_cat-doublehook","10":"product_cat-sew","11":"product_tag-double-sided-hook","12":"product_tag-injection-hook","13":"product_tag-nylon-fabric-fastener-strips","14":"product_tag-sew-on-hook-and-loop","16":"first","17":"instock","18":"taxable","19":"shipping-taxable","20":"product-type-simple"},"_links":{"self":[{"href":"https:\/\/nfhookloop.com\/en\/wp-json\/wp\/v2\/product\/4760","targetHints":{"allow":["GET"]}}],"collection":[{"href":"https:\/\/nfhookloop.com\/en\/wp-json\/wp\/v2\/product"}],"about":[{"href":"https:\/\/nfhookloop.com\/en\/wp-json\/wp\/v2\/types\/product"}],"replies":[{"embeddable":true,"href":"https:\/\/nfhookloop.com\/en\/wp-json\/wp\/v2\/comments?post=4760"}],"wp:featuredmedia":[{"embeddable":true,"href":"https:\/\/nfhookloop.com\/en\/wp-json\/wp\/v2\/media\/4761"}],"wp:attachment":[{"href":"https:\/\/nfhookloop.com\/en\/wp-json\/wp\/v2\/media?parent=4760"}],"wp:term":[{"taxonomy":"product_brand","embeddable":true,"href":"https:\/\/nfhookloop.com\/en\/wp-json\/wp\/v2\/product_brand?post=4760"},{"taxonomy":"product_cat","embeddable":true,"href":"https:\/\/nfhookloop.com\/en\/wp-json\/wp\/v2\/product_cat?post=4760"},{"taxonomy":"product_tag","embeddable":true,"href":"https:\/\/nfhookloop.com\/en\/wp-json\/wp\/v2\/product_tag?post=4760"}],"curies":[{"name":"wp","href":"https:\/\/api.w.org\/{rel}","templated":true}]}}