{"id":4765,"date":"2025-07-21T08:57:16","date_gmt":"2025-07-21T08:57:16","guid":{"rendered":"https:\/\/nfhookloop.com\/?post_type=product&#038;p=4765"},"modified":"2026-01-24T06:59:41","modified_gmt":"2026-01-24T06:59:41","slug":"np_znvm0","status":"publish","type":"product","link":"https:\/\/nfhookloop.com\/en\/product\/np_znvm0\/","title":{"rendered":"B\u0103ng Gai, b\u0103ng  X\u00f9 Cao C\u1ea5p D\u00e0nh Cho Tr\u1ebb Em \u2013 Tr\u1eafng M\u1edd, \u00cam D\u1ecbu, An To\u00e0n Cho Da Nh\u1ea1y C\u1ea3m"},"content":{"rendered":"","protected":false},"excerpt":{"rendered":"<p>\u0110\u00fac khu\u00f4n t\u00edch h\u1ee3p kh\u00f4ng c\u00f3 g\u1edd th\u1eeba; quy tr\u00ecnh \u00e9p phun ch\u00ednh x\u00e1c t\u1ea1o ra b\u1ec1 m\u1eb7t m\u00f3c nh\u1eb5n m\u1ecbn.<br \/>\u0110\u01b0\u1ee3c \u1ee9ng d\u1ee5ng trong c\u00e1c tr\u01b0\u1eddng h\u1ee3p nh\u01b0 t\u00e3 em b\u00e9 ho\u1eb7c qu\u1ea7n \u00e1o, \u0111\u1ed3 l\u00f3t d\u00f9ng m\u1ed9t l\u1ea7n cho ng\u01b0\u1eddi l\u1edbn, d\u00e2y \u0111ai y t\u1ebf, v.v.<\/p>","protected":false},"featured_media":4766,"comment_status":"open","ping_status":"closed","template":"","meta":[],"product_brand":[62],"product_cat":[16,78,94,93],"product_tag":[134,132,129,131],"class_list":{"0":"post-4765","1":"product","2":"type-product","3":"status-publish","4":"has-post-thumbnail","6":"product_brand-namphuong","7":"product_cat-special","8":"product_cat-injection","9":"product_cat-baby","10":"product_cat-sew","11":"product_tag-diaper-hook-and-loop","12":"product_tag-injection-hook","13":"product_tag-nylon-fabric-fastener-strips","14":"product_tag-sew-on-hook-and-loop","16":"first","17":"instock","18":"taxable","19":"shipping-taxable","20":"product-type-simple"},"_links":{"self":[{"href":"https:\/\/nfhookloop.com\/en\/wp-json\/wp\/v2\/product\/4765","targetHints":{"allow":["GET"]}}],"collection":[{"href":"https:\/\/nfhookloop.com\/en\/wp-json\/wp\/v2\/product"}],"about":[{"href":"https:\/\/nfhookloop.com\/en\/wp-json\/wp\/v2\/types\/product"}],"replies":[{"embeddable":true,"href":"https:\/\/nfhookloop.com\/en\/wp-json\/wp\/v2\/comments?post=4765"}],"wp:featuredmedia":[{"embeddable":true,"href":"https:\/\/nfhookloop.com\/en\/wp-json\/wp\/v2\/media\/4766"}],"wp:attachment":[{"href":"https:\/\/nfhookloop.com\/en\/wp-json\/wp\/v2\/media?parent=4765"}],"wp:term":[{"taxonomy":"product_brand","embeddable":true,"href":"https:\/\/nfhookloop.com\/en\/wp-json\/wp\/v2\/product_brand?post=4765"},{"taxonomy":"product_cat","embeddable":true,"href":"https:\/\/nfhookloop.com\/en\/wp-json\/wp\/v2\/product_cat?post=4765"},{"taxonomy":"product_tag","embeddable":true,"href":"https:\/\/nfhookloop.com\/en\/wp-json\/wp\/v2\/product_tag?post=4765"}],"curies":[{"name":"wp","href":"https:\/\/api.w.org\/{rel}","templated":true}]}}