{"id":4908,"date":"2025-08-19T09:07:10","date_gmt":"2025-08-19T09:07:10","guid":{"rendered":"https:\/\/nfhookloop.com\/?post_type=product&#038;p=4908"},"modified":"2026-01-24T06:51:51","modified_gmt":"2026-01-24T06:51:51","slug":"customized-strong-self-adhiesve-back-nylon-back-to-back-hook-and-loop-tapes","status":"publish","type":"product","link":"https:\/\/nfhookloop.com\/en\/product\/customized-strong-self-adhiesve-back-nylon-back-to-back-hook-and-loop-tapes\/","title":{"rendered":"B\u0103ng gai -b\u0103ng x\u00f9 b\u1eb1ng Nylon t\u1ef1 d\u00e1n 2 m\u1eb7t \u2013 \u0110\u1ed9 b\u00e1m si\u00eau ch\u1eafc, h\u1ed7 tr\u1ee3 t\u00f9y ch\u1ec9nh"},"content":{"rendered":"<p>\u01afu \u0111i\u1ec3m &amp; \u0110i\u1ec3m b\u00e1n h\u00e0ng c\u1ee7a B\u0103ng d\u00ednh gai d\u00ednh ch\u1ed1ng ch\u00e1y (Fire-retardant Magic Tape)<br \/>T\u00ednh n\u0103ng ch\u1ed1ng ch\u00e1y: \u0110\u01b0\u1ee3c s\u1ea3n xu\u1ea5t t\u1eeb v\u1eadt li\u1ec7u ch\u1ed1ng ch\u00e1y chuy\u00ean d\u1ee5ng, b\u0103ng d\u00ednh c\u00f3 kh\u1ea3 n\u0103ng kh\u00e1ng l\u1eeda cao, gi\u1ea3m thi\u1ec3u nguy c\u01a1 b\u1eaft ch\u00e1y khi ti\u1ebfp x\u00fac v\u1edbi nhi\u1ec7t \u0111\u1ed9 cao ho\u1eb7c ng\u1ecdn l\u1eeda.<br \/>\u0110\u1ed9 b\u1ec1n &amp; s\u1ee9c ch\u1ecbu l\u1ef1c cao: D\u00f9 \u0111\u01b0\u1ee3c b\u1ed5 sung \u0111\u1eb7c t\u00ednh ch\u1ed1ng ch\u00e1y, b\u0103ng d\u00ednh v\u1eabn gi\u1eef \u0111\u01b0\u1ee3c \u0111\u1ed9 b\u1ec1n ch\u1eafc v\u01b0\u1ee3t tr\u1ed9i, ch\u1ecbu \u0111\u01b0\u1ee3c nhi\u1ec1u l\u1ea7n s\u1eed d\u1ee5ng v\u00e0 \u0111i\u1ec1u ki\u1ec7n kh\u1eafc nghi\u1ec7t m\u00e0 kh\u00f4ng \u1ea3nh h\u01b0\u1edfng \u0111\u1ebfn hi\u1ec7u qu\u1ea3.<br \/>D\u1ec5 s\u1eed d\u1ee5ng: Thi\u1ebft k\u1ebf t\u1ef1 d\u00e1n gi\u00fap d\u00e1n v\u00e0 th\u00e1o g\u1ee1 nhanh ch\u00f3ng, thu\u1eadn ti\u1ec7n trong nhi\u1ec1u \u1ee9ng d\u1ee5ng kh\u00e1c nhau.<br \/>\u1ee8ng d\u1ee5ng \u0111a d\u1ea1ng: Ph\u00f9 h\u1ee3p trong nhi\u1ec1u l\u0129nh v\u1ef1c nh\u01b0 may m\u1eb7c, \u00f4 t\u00f4, h\u00e0ng kh\u00f4ng, c\u00f4ng nghi\u1ec7p, \u0111\u1eb7c bi\u1ec7t \u1edf nh\u1eefng m\u00f4i tr\u01b0\u1eddng y\u00eau c\u1ea7u cao v\u1ec1 an to\u00e0n ch\u00e1y n\u1ed5.<br \/>Th\u00e2n thi\u1ec7n m\u00f4i tr\u01b0\u1eddng: Nhi\u1ec1u lo\u1ea1i b\u0103ng d\u00ednh ch\u1ed1ng ch\u00e1y \u0111\u01b0\u1ee3c l\u00e0m t\u1eeb v\u1eadt li\u1ec7u th\u00e2n thi\u1ec7n m\u00f4i tr\u01b0\u1eddng, gi\u1ea3m t\u00e1c \u0111\u1ed9ng x\u1ea5u \u0111\u1ebfn m\u00f4i tr\u01b0\u1eddng v\u00e0 tu\u00e2n th\u1ee7 ti\u00eau chu\u1ea9n ph\u00e1t tri\u1ec3n b\u1ec1n v\u1eefng.<br \/>Gi\u1ea3i ph\u00e1p ti\u1ebft ki\u1ec7m chi ph\u00ed: Mang l\u1ea1i kh\u1ea3 n\u0103ng b\u1ea3o v\u1ec7 ch\u1ed1ng ch\u00e1y v\u01b0\u1ee3t tr\u1ed9i v\u1edbi chi ph\u00ed h\u1ee3p l\u00fd, l\u00e0 l\u1ef1a ch\u1ecdn t\u1ed1i \u01b0u cho nhi\u1ec1u ng\u00e0nh c\u00f4ng nghi\u1ec7p.<br \/>V\u1edbi nh\u1eefng \u01b0u \u0111i\u1ec3m n\u1ed5i b\u1eadt n\u00e0y, b\u0103ng d\u00ednh gai d\u00ednh ch\u1ed1ng ch\u00e1y ch\u00ednh l\u00e0 l\u1ef1a ch\u1ecdn l\u00fd t\u01b0\u1edfng cho c\u00e1c \u1ee9ng d\u1ee5ng c\u1ea7n \u0111\u1ea3m b\u1ea3o an to\u00e0n ph\u00f2ng ch\u00e1y \u1edf m\u1ee9c cao nh\u1ea5t.<\/p>","protected":false},"excerpt":{"rendered":"<p>T\u00ednh n\u0103ng ch\u1ed1ng ch\u00e1y: B\u0103ng gai \u0111\u01b0\u1ee3c thi\u1ebft k\u1ebf \u0111\u1eb7c bi\u1ec7t v\u1edbi v\u1eadt li\u1ec7u ch\u1ed1ng ch\u00e1y, \u0111\u1ea3m b\u1ea3o kh\u1ea3 n\u0103ng kh\u00e1ng l\u1eeda cao, gi\u1ea3m nguy c\u01a1 b\u1eaft ch\u00e1y khi ti\u1ebfp x\u00fac v\u1edbi nhi\u1ec7t \u0111\u1ed9 cao ho\u1eb7c ng\u1ecdn l\u1eeda tr\u1ef1c ti\u1ebfp.<\/p>","protected":false},"featured_media":4909,"comment_status":"open","ping_status":"closed","template":"","meta":[],"product_brand":[62],"product_cat":[16,80,95],"product_tag":[138,139],"class_list":{"0":"post-4908","1":"product","2":"type-product","3":"status-publish","4":"has-post-thumbnail","6":"product_brand-namphuong","7":"product_cat-special","8":"product_cat-flame","9":"product_cat-back","10":"product_tag-back-to-back-hook-and-loop","11":"product_tag-flame-retardant","13":"first","14":"instock","15":"taxable","16":"shipping-taxable","17":"product-type-simple"},"_links":{"self":[{"href":"https:\/\/nfhookloop.com\/en\/wp-json\/wp\/v2\/product\/4908","targetHints":{"allow":["GET"]}}],"collection":[{"href":"https:\/\/nfhookloop.com\/en\/wp-json\/wp\/v2\/product"}],"about":[{"href":"https:\/\/nfhookloop.com\/en\/wp-json\/wp\/v2\/types\/product"}],"replies":[{"embeddable":true,"href":"https:\/\/nfhookloop.com\/en\/wp-json\/wp\/v2\/comments?post=4908"}],"wp:featuredmedia":[{"embeddable":true,"href":"https:\/\/nfhookloop.com\/en\/wp-json\/wp\/v2\/media\/4909"}],"wp:attachment":[{"href":"https:\/\/nfhookloop.com\/en\/wp-json\/wp\/v2\/media?parent=4908"}],"wp:term":[{"taxonomy":"product_brand","embeddable":true,"href":"https:\/\/nfhookloop.com\/en\/wp-json\/wp\/v2\/product_brand?post=4908"},{"taxonomy":"product_cat","embeddable":true,"href":"https:\/\/nfhookloop.com\/en\/wp-json\/wp\/v2\/product_cat?post=4908"},{"taxonomy":"product_tag","embeddable":true,"href":"https:\/\/nfhookloop.com\/en\/wp-json\/wp\/v2\/product_tag?post=4908"}],"curies":[{"name":"wp","href":"https:\/\/api.w.org\/{rel}","templated":true}]}}