{"id":4914,"date":"2025-08-19T09:16:14","date_gmt":"2025-08-19T09:16:14","guid":{"rendered":"https:\/\/nfhookloop.com\/?post_type=product&#038;p=4914"},"modified":"2026-01-24T06:49:38","modified_gmt":"2026-01-24T06:49:38","slug":"customized-strong-self-adhiesve-back-nylon-sewing-on-hook-and-loop-tapes","status":"publish","type":"product","link":"https:\/\/nfhookloop.com\/en\/product\/customized-strong-self-adhiesve-back-nylon-sewing-on-hook-and-loop-tapes\/","title":{"rendered":"B\u0103ng gai &#8211; b\u0103ng x\u00f9 Nylon t\u1ef1 d\u00ednh m\u1eb7t sau si\u00eau ch\u1eafc \u2013 May t\u00f9y ch\u1ec9nh theo y\u00eau c\u1ea7u"},"content":{"rendered":"<p>\u01afu \u0111i\u1ec3m &amp; \u0110i\u1ec3m m\u1ea1nh b\u00e1n h\u00e0ng c\u1ee7a B\u0103ng gai ch\u1ed1ng ch\u00e1y :<br \/>Kh\u1ea3 n\u0103ng ch\u1ed1ng ch\u00e1y v\u01b0\u1ee3t tr\u1ed9i: \u0110\u01b0\u1ee3c thi\u1ebft k\u1ebf t\u1eeb v\u1eadt li\u1ec7u ch\u1ed1ng ch\u00e1y chuy\u00ean d\u1ee5ng, b\u0103ng gai d\u00ednh c\u00f3 kh\u1ea3 n\u0103ng ch\u1ecbu l\u1eeda cao, gi\u1ea3m thi\u1ec3u nguy c\u01a1 b\u1eaft ch\u00e1y khi ti\u1ebfp x\u00fac v\u1edbi nhi\u1ec7t ho\u1eb7c ng\u1ecdn l\u1eeda.<br \/>\u0110\u1ed9 b\u1ec1n &amp; \u0111\u1ed9 ch\u1eafc cao: D\u00f9 c\u00f3 t\u00ednh n\u0103ng ch\u1ed1ng ch\u00e1y, s\u1ea3n ph\u1ea9m v\u1eabn \u0111\u1ea3m b\u1ea3o \u0111\u1ed9 b\u1ec1n v\u00e0 kh\u1ea3 n\u0103ng ch\u1ecbu l\u1ef1c tuy\u1ec7t v\u1eddi, c\u00f3 th\u1ec3 s\u1eed d\u1ee5ng nhi\u1ec1u l\u1ea7n trong \u0111i\u1ec1u ki\u1ec7n kh\u1eafc nghi\u1ec7t m\u00e0 kh\u00f4ng \u1ea3nh h\u01b0\u1edfng \u0111\u1ebfn hi\u1ec7u su\u1ea5t.<br \/>D\u1ec5 s\u1eed d\u1ee5ng: Thi\u1ebft k\u1ebf t\u1ef1 d\u00ednh gi\u00fap d\u00e1n \u2013 th\u00e1o nhanh ch\u00f3ng, thu\u1eadn ti\u1ec7n cho nhi\u1ec1u m\u1ee5c \u0111\u00edch v\u00e0 \u1ee9ng d\u1ee5ng kh\u00e1c nhau.<br \/>\u1ee8ng d\u1ee5ng \u0111a d\u1ea1ng: Th\u00edch h\u1ee3p cho nhi\u1ec1u l\u0129nh v\u1ef1c nh\u01b0 may m\u1eb7c, \u00f4 t\u00f4, h\u00e0ng kh\u00f4ng, c\u00f4ng nghi\u1ec7p, n\u01a1i m\u00e0 an to\u00e0n ch\u00e1y n\u1ed5 l\u00e0 y\u1ebfu t\u1ed1 h\u00e0ng \u0111\u1ea7u.<br \/>Th\u00e2n thi\u1ec7n m\u00f4i tr\u01b0\u1eddng: Nhi\u1ec1u d\u00f2ng s\u1ea3n ph\u1ea9m \u0111\u01b0\u1ee3c l\u00e0m t\u1eeb nguy\u00ean li\u1ec7u xanh, gi\u1ea3m t\u00e1c \u0111\u1ed9ng m\u00f4i tr\u01b0\u1eddng v\u00e0 \u0111\u00e1p \u1ee9ng c\u00e1c ti\u00eau chu\u1ea9n b\u1ec1n v\u1eefng.<br \/>Gi\u1ea3i ph\u00e1p ti\u1ebft ki\u1ec7m: Mang l\u1ea1i hi\u1ec7u qu\u1ea3 b\u1ea3o v\u1ec7 ch\u1ed1ng ch\u00e1y t\u1ed1i \u01b0u v\u1edbi chi ph\u00ed h\u1ee3p l\u00fd, l\u00e0 l\u1ef1a ch\u1ecdn kinh t\u1ebf cho nhi\u1ec1u ng\u00e0nh c\u00f4ng nghi\u1ec7p.<br \/>V\u1edbi nh\u1eefng \u01b0u \u0111i\u1ec3m n\u1ed5i b\u1eadt n\u00e0y, b\u0103ng gai d\u00ednh ch\u1ed1ng ch\u00e1y tr\u1edf th\u00e0nh gi\u1ea3i ph\u00e1p l\u00fd t\u01b0\u1edfng cho c\u00e1c \u1ee9ng d\u1ee5ng c\u1ea7n ti\u00eau chu\u1ea9n an to\u00e0n ch\u00e1y cao.<\/p>","protected":false},"excerpt":{"rendered":"<p>T\u00ednh n\u0103ng ch\u1ed1ng ch\u00e1y<br \/>B\u0103ng gai d\u00ednh \u0111\u01b0\u1ee3c s\u1ea3n xu\u1ea5t t\u1eeb v\u1eadt li\u1ec7u ch\u1ed1ng ch\u00e1y chuy\u00ean d\u1ee5ng, c\u00f3 kh\u1ea3 n\u0103ng kh\u00e1ng l\u1eeda v\u01b0\u1ee3t tr\u1ed9i, gi\u00fap gi\u1ea3m thi\u1ec3u nguy c\u01a1 b\u1eaft ch\u00e1y khi ti\u1ebfp x\u00fac v\u1edbi nhi\u1ec7t \u0111\u1ed9 cao ho\u1eb7c ng\u1ecdn l\u1eeda.<\/p>","protected":false},"featured_media":4915,"comment_status":"open","ping_status":"closed","template":"","meta":[],"product_brand":[62],"product_cat":[16,80,93],"product_tag":[139,140],"class_list":{"0":"post-4914","1":"product","2":"type-product","3":"status-publish","4":"has-post-thumbnail","6":"product_brand-namphuong","7":"product_cat-special","8":"product_cat-flame","9":"product_cat-sew","10":"product_tag-flame-retardant","11":"product_tag-nylon-hook-and-loop","13":"first","14":"instock","15":"taxable","16":"shipping-taxable","17":"product-type-simple"},"_links":{"self":[{"href":"https:\/\/nfhookloop.com\/en\/wp-json\/wp\/v2\/product\/4914","targetHints":{"allow":["GET"]}}],"collection":[{"href":"https:\/\/nfhookloop.com\/en\/wp-json\/wp\/v2\/product"}],"about":[{"href":"https:\/\/nfhookloop.com\/en\/wp-json\/wp\/v2\/types\/product"}],"replies":[{"embeddable":true,"href":"https:\/\/nfhookloop.com\/en\/wp-json\/wp\/v2\/comments?post=4914"}],"wp:featuredmedia":[{"embeddable":true,"href":"https:\/\/nfhookloop.com\/en\/wp-json\/wp\/v2\/media\/4915"}],"wp:attachment":[{"href":"https:\/\/nfhookloop.com\/en\/wp-json\/wp\/v2\/media?parent=4914"}],"wp:term":[{"taxonomy":"product_brand","embeddable":true,"href":"https:\/\/nfhookloop.com\/en\/wp-json\/wp\/v2\/product_brand?post=4914"},{"taxonomy":"product_cat","embeddable":true,"href":"https:\/\/nfhookloop.com\/en\/wp-json\/wp\/v2\/product_cat?post=4914"},{"taxonomy":"product_tag","embeddable":true,"href":"https:\/\/nfhookloop.com\/en\/wp-json\/wp\/v2\/product_tag?post=4914"}],"curies":[{"name":"wp","href":"https:\/\/api.w.org\/{rel}","templated":true}]}}