{"id":4918,"date":"2025-08-19T09:24:08","date_gmt":"2025-08-19T09:24:08","guid":{"rendered":"https:\/\/nfhookloop.com\/?post_type=product&#038;p=4918"},"modified":"2026-01-24T06:47:06","modified_gmt":"2026-01-24T06:47:06","slug":"customized-nylon-elasticity-sewing-on-hook-and-loop-tapes","status":"publish","type":"product","link":"https:\/\/nfhookloop.com\/en\/product\/customized-nylon-elasticity-sewing-on-hook-and-loop-tapes\/","title":{"rendered":"B\u0103ng gai, b\u0103ng x\u00f9  may d\u00e1n b\u1eb1ng nylon co gi\u00e3n, thi\u1ebft k\u1ebf t\u00f9y ch\u1ec9nh theo nhu c\u1ea7u"},"content":{"rendered":"<p>S\u1ef1 k\u1ebft h\u1ee3p ho\u00e0n h\u1ea3o gi\u1eefa \u0111\u1ed9 co gi\u00e3n v\u00e0 kh\u1ea3 n\u0103ng c\u1ed1 \u0111\u1ecbnh<br \/>B\u0103ng gai may \u0111\u00e0n h\u1ed3i \u0111\u01b0\u1ee3c s\u1ea3n xu\u1ea5t t\u1eeb s\u1ee3i cao su nh\u1eadp kh\u1ea9u c\u00f9ng v\u1eadt li\u1ec7u chuy\u00ean d\u1ee5ng, k\u1ebft h\u1ee3p t\u00ednh co gi\u00e3n c\u1ee7a d\u00e2y thun v\u1edbi kh\u1ea3 n\u0103ng c\u1ed1 \u0111\u1ecbnh c\u1ee7a b\u0103ng gai d\u00ednh truy\u1ec1n th\u1ed1ng th\u00f4ng qua quy tr\u00ecnh d\u1ec7t \u0111\u1eb7c bi\u1ec7t.<br \/>Thi\u1ebft k\u1ebf n\u00e0y cho ph\u00e9p s\u1ea3n ph\u1ea9m gi\u00e3n n\u1edf v\u00e0 bi\u1ebfn d\u1ea1ng theo l\u1ef1c t\u00e1c \u0111\u1ed9ng nh\u01b0ng v\u1eabn duy tr\u00ec \u0111\u1ed9 b\u00e1m ch\u1eafc ch\u1eafn, th\u00edch \u1ee9ng v\u1edbi nhi\u1ec1u t\u00ecnh hu\u1ed1ng s\u1eed d\u1ee5ng linh ho\u1ea1t v\u00e0 \u0111\u1ed9ng.<br \/>So v\u1edbi b\u0103ng gai, b\u0103ng x\u00f9 th\u00f4ng th\u01b0\u1eddng, b\u1ec1 m\u1eb7t l\u00f4ng m\u1ec1m m\u1ea1i h\u01a1n, gi\u00fap k\u1ebft h\u1ee3p ho\u00e0n h\u1ea3o v\u1edbi m\u1eb7t gai v\u00e0 x\u00f9 ti\u00eau chu\u1ea9n.<br \/>Ngo\u00e0i ra, s\u1ea3n ph\u1ea9m c\u00f3 \u0111\u1ed9 \u0111\u00e0n h\u1ed3i cao, kh\u00f3 b\u1ecb l\u00e3o h\u00f3a, mang l\u1ea1i \u0111\u1ed9 b\u1ec1n v\u01b0\u1ee3t tr\u1ed9i trong qu\u00e1 tr\u00ecnh s\u1eed d\u1ee5ng l\u00e2u d\u00e0i.<\/p>","protected":false},"excerpt":{"rendered":"<p>\u0110\u1ed9 co gi\u00e3n v\u00e0 kh\u1ea3 n\u0103ng th\u00edch \u1ee9ng<br \/>Thi\u1ebft k\u1ebf co gi\u00e3n \u0111\u00e0n h\u1ed3i gi\u00fap b\u0103ng gai, b\u0103ng x\u00f9 th\u00edch nghi v\u1edbi nhi\u1ec1u k\u00edch th\u01b0\u1edbc v\u00e0 h\u00ecnh d\u1ea1ng kh\u00e1c nhau, mang l\u1ea1i c\u1ea3m gi\u00e1c v\u1eeba v\u1eb7n v\u00e0 tho\u1ea3i m\u00e1i.<br \/>Ch\u1ea5t li\u1ec7u \u0111\u00e0n h\u1ed3i cao c\u1ea5p \u0111\u1ea3m b\u1ea3o s\u1ea3n ph\u1ea9m gi\u1eef nguy\u00ean h\u00ecnh d\u1ea1ng v\u00e0 \u0111\u1eb7c t\u00ednh ngay c\u1ea3 sau th\u1eddi gian d\u00e0i s\u1eed d\u1ee5ng.<\/p>","protected":false},"featured_media":4919,"comment_status":"open","ping_status":"closed","template":"","meta":[],"product_brand":[62],"product_cat":[16,82,93],"product_tag":[65,140],"class_list":{"0":"post-4918","1":"product","2":"type-product","3":"status-publish","4":"has-post-thumbnail","6":"product_brand-namphuong","7":"product_cat-special","8":"product_cat-elsatic","9":"product_cat-sew","10":"product_tag-100-nylon","11":"product_tag-nylon-hook-and-loop","13":"first","14":"instock","15":"taxable","16":"shipping-taxable","17":"product-type-simple"},"_links":{"self":[{"href":"https:\/\/nfhookloop.com\/en\/wp-json\/wp\/v2\/product\/4918","targetHints":{"allow":["GET"]}}],"collection":[{"href":"https:\/\/nfhookloop.com\/en\/wp-json\/wp\/v2\/product"}],"about":[{"href":"https:\/\/nfhookloop.com\/en\/wp-json\/wp\/v2\/types\/product"}],"replies":[{"embeddable":true,"href":"https:\/\/nfhookloop.com\/en\/wp-json\/wp\/v2\/comments?post=4918"}],"wp:featuredmedia":[{"embeddable":true,"href":"https:\/\/nfhookloop.com\/en\/wp-json\/wp\/v2\/media\/4919"}],"wp:attachment":[{"href":"https:\/\/nfhookloop.com\/en\/wp-json\/wp\/v2\/media?parent=4918"}],"wp:term":[{"taxonomy":"product_brand","embeddable":true,"href":"https:\/\/nfhookloop.com\/en\/wp-json\/wp\/v2\/product_brand?post=4918"},{"taxonomy":"product_cat","embeddable":true,"href":"https:\/\/nfhookloop.com\/en\/wp-json\/wp\/v2\/product_cat?post=4918"},{"taxonomy":"product_tag","embeddable":true,"href":"https:\/\/nfhookloop.com\/en\/wp-json\/wp\/v2\/product_tag?post=4918"}],"curies":[{"name":"wp","href":"https:\/\/api.w.org\/{rel}","templated":true}]}}