{"id":4929,"date":"2025-08-23T05:44:12","date_gmt":"2025-08-23T05:44:12","guid":{"rendered":"https:\/\/nfhookloop.com\/?post_type=product&#038;p=4929"},"modified":"2026-01-24T06:28:45","modified_gmt":"2026-01-24T06:28:45","slug":"np_wgvmb-002","status":"publish","type":"product","link":"https:\/\/nfhookloop.com\/en\/product\/np_wgvmb-002\/","title":{"rendered":"C\u1ea5u tr\u00fac l\u01b0\u1edbi ch\u00e9o t\u00f9y ch\u1ec9nh b\u0103ng gai &#8211; b\u0103ng x\u00f9, d\u1ec5 d\u00e0ng v\u1ec7 sinh"},"content":{"rendered":"<p>B\u00f3c d\u00e1n nhanh g\u1ecdn \u2013 L\u01b0u tr\u1eef tho\u1ea3i m\u00e1i theo \u00fd b\u1ea1n<br \/>\u2022 Kh\u00f4ng c\u1ea7n khoan t\u01b0\u1eddng hay l\u1eafp \u0111\u1eb7t d\u1ee5ng c\u1ee5, ch\u1ec9 trong 5 gi\u00e2y l\u00e0 c\u00f3 th\u1ec3 s\u1eafp x\u1ebfp d\u00e2y \u0111i\u1ec7n, treo d\u1ee5ng c\u1ee5, c\u1ed1 \u0111\u1ecbnh h\u1ed3 s\u01a1\u2026 N\u00f3i l\u1eddi t\u1ea1m bi\u1ec7t v\u1edbi s\u1ef1 b\u1eeba b\u1ed9n, t\u1eadn d\u1ee5ng g\u1ea5p \u0111\u00f4i kh\u00f4ng gian.<br \/>\u2022 \u1ee8ng d\u1ee5ng \u0111a n\u0103ng \u2013 Gi\u1ea3i ph\u00e1p l\u01b0u tr\u1eef s\u00e1ng t\u1ea1o, ti\u1ec7n l\u1ee3i trong nhi\u1ec1u t\u00ecnh hu\u1ed1ng.<br \/>\u2022 T\u00f9y ch\u1ec9nh linh ho\u1ea1t \u2013 L\u01b0\u1edbi trong su\u1ed1t c\u00f3 th\u1ec3 c\u1eaft t\u1ef1 do, d\u00e1n \u1ea9n c\u1ed1 \u0111\u1ecbnh modem, \u1ed5 \u0111i\u1ec7n, d\u1ee5ng c\u1ee5 v\u1ec7 sinh, h\u1ed9p b\u00fat\u2026 t\u1ea1o kh\u00f4ng gian t\u1ed1i gi\u1ea3n v\u00e0 g\u1ecdn m\u1eaft.<\/p>","protected":false},"excerpt":{"rendered":"<p>Keo l\u01b0\u1edbi b\u00e1m d\u00ednh m\u1ea1nh \u2013 Kh\u00f4ng l\u00e0m h\u1ecfng b\u1ec1 m\u1eb7t<br \/>\u2022 Thi\u1ebft k\u1ebf v\u1ea3i l\u01b0\u1edbi m\u1eadt \u0111\u1ed9 cao + keo si\u00eau d\u00ednh, t\u0103ng 60% \u0111\u1ed9 b\u00e1m d\u00ednh.<br \/>\u2022 C\u1ed1 \u0111\u1ecbnh ch\u1eafc ch\u1eafn tr\u00ean nhi\u1ec1u b\u1ec1 m\u1eb7t nh\u01b0 g\u1ea1ch men, k\u00ednh, kim lo\u1ea1i.<br \/>\u2022 D\u1ec5 b\u00f3c t\u00e1ch, kh\u00f4ng \u0111\u1ec3 l\u1ea1i keo th\u1eeba sau khi th\u00e1o.<\/p>","protected":false},"featured_media":4934,"comment_status":"open","ping_status":"closed","template":"","meta":[],"product_brand":[62],"product_cat":[118,16,18,86],"product_tag":[136,119,66,64],"class_list":{"0":"post-4929","1":"product","2":"type-product","3":"status-publish","4":"has-post-thumbnail","6":"product_brand-namphuong","7":"product_cat-netadhesive","8":"product_cat-special","9":"product_cat-adhesive","10":"product_cat-tapes","11":"product_tag-adhesive","12":"product_tag-cross-net-adhesive","13":"product_tag-customized","14":"product_tag-hook-and-loop","16":"first","17":"instock","18":"taxable","19":"shipping-taxable","20":"product-type-simple"},"_links":{"self":[{"href":"https:\/\/nfhookloop.com\/en\/wp-json\/wp\/v2\/product\/4929","targetHints":{"allow":["GET"]}}],"collection":[{"href":"https:\/\/nfhookloop.com\/en\/wp-json\/wp\/v2\/product"}],"about":[{"href":"https:\/\/nfhookloop.com\/en\/wp-json\/wp\/v2\/types\/product"}],"replies":[{"embeddable":true,"href":"https:\/\/nfhookloop.com\/en\/wp-json\/wp\/v2\/comments?post=4929"}],"wp:featuredmedia":[{"embeddable":true,"href":"https:\/\/nfhookloop.com\/en\/wp-json\/wp\/v2\/media\/4934"}],"wp:attachment":[{"href":"https:\/\/nfhookloop.com\/en\/wp-json\/wp\/v2\/media?parent=4929"}],"wp:term":[{"taxonomy":"product_brand","embeddable":true,"href":"https:\/\/nfhookloop.com\/en\/wp-json\/wp\/v2\/product_brand?post=4929"},{"taxonomy":"product_cat","embeddable":true,"href":"https:\/\/nfhookloop.com\/en\/wp-json\/wp\/v2\/product_cat?post=4929"},{"taxonomy":"product_tag","embeddable":true,"href":"https:\/\/nfhookloop.com\/en\/wp-json\/wp\/v2\/product_tag?post=4929"}],"curies":[{"name":"wp","href":"https:\/\/api.w.org\/{rel}","templated":true}]}}