{"id":4962,"date":"2025-08-23T06:07:53","date_gmt":"2025-08-23T06:07:53","guid":{"rendered":"https:\/\/nfhookloop.com\/?post_type=product&#038;p=4962"},"modified":"2026-01-24T06:45:50","modified_gmt":"2026-01-24T06:45:50","slug":"np_cgmtsv-3-2","status":"publish","type":"product","link":"https:\/\/nfhookloop.com\/en\/product\/np_cgmtsv-3-2\/","title":{"rendered":"B\u0103ng gai v\u00e0 b\u0103ng x\u00f9 may li\u1ec1n th\u00e2n t\u00f9y ch\u1ec9nh, D\u00f9ng l\u00e0m v\u1ecf b\u1ecdc b\u1ea3o v\u1ec7 c\u00e1p"},"content":{"rendered":"<p>\u0110\u1ed9 b\u00e1m d\u00ednh tuy\u1ec7t v\u1eddi<br \/>B\u0103ng gai, b\u0103ng x\u00f9 \u0111\u01b0\u1ee3c l\u00e0m t\u1eeb ch\u1ea5t li\u1ec7u nylon, c\u00f3 kh\u1ea3 n\u0103ng b\u00e1m ch\u1eafc, \u0111\u1ed9 b\u1ec1n cao v\u00e0 c\u00f3 th\u1ec3 t\u00e1i s\u1eed d\u1ee5ng<br \/>M\u1eb7t gai v\u00e0 m\u1eb7t x\u00f9 k\u1ebft h\u1ee3p ch\u1eb7t ch\u1ebd, gi\u00fap gi\u1eef c\u1ed1 \u0111\u1ecbnh, h\u1ea1n ch\u1ebf r\u01a1i r\u1edbt<br \/>C\u00f3 th\u1ec3 c\u1eaft theo \u0111\u1ed9 d\u00e0i mong mu\u1ed1n<br \/>Cu\u1ed9n b\u0103ng c\u00f3 th\u1ec3 k\u00e9o d\u00e0i v\u00e0 c\u1eaft theo k\u00edch th\u01b0\u1edbc t\u00f9y \u00fd, t\u1ea1o th\u00e0nh c\u00e1c \u0111o\u1ea1n b\u0103ng gai, b\u0103ng x\u00f9 ri\u00eang bi\u1ec7t.<br \/>Ch\u1ec9 c\u1ea7n \u00e9p hai m\u1eb7t l\u1ea1i v\u1edbi nhau l\u00e0 c\u00f3 ngay li\u00ean k\u1ebft ch\u1eafc ch\u1eafn.<br \/>\u1ee8ng d\u1ee5ng r\u1ed9ng r\u00e3i<br \/>B\u0103ng gai, b\u0103ng x\u00f9 lo\u1ea1i may \u0111\u01b0\u1ee3c s\u1eed d\u1ee5ng ph\u1ed5 bi\u1ebfn trong:<br \/>May m\u1eb7c, th\u1ee7 c\u00f4ng DIY, l\u00e0m t\u00fai x\u00e1ch, gi\u00e0y d\u00e9p, balo<br \/>Ph\u00f9 h\u1ee3p cho gia \u0111\u00ecnh, v\u0103n ph\u00f2ng, tr\u01b0\u1eddng h\u1ecdc<br \/>C\u00f3 th\u1ec3 c\u1eaft theo k\u00edch th\u01b0\u1edbc linh ho\u1ea1t, l\u00e0 v\u1eadt d\u1ee5ng c\u1ea7n thi\u1ebft trong m\u1ecdi gia \u0111\u00ecnh<\/p>","protected":false},"excerpt":{"rendered":"<p>K\u00edch th\u01b0\u1edbc v\u00e0 s\u1ed1 l\u01b0\u1ee3ng &#8211; \u0110\u00e2y l\u00e0 lo\u1ea1i b\u0103ng gai, b\u0103ng x\u00f9 n\u1eb1m c\u00f9ng m\u1ed9t m\u1eb7t v\u1ea3i \u0111\u01b0\u1ee3c may li\u1ec1n th\u00e2n. H\u1ed7 tr\u1ee3 t\u00f9y ch\u1ec9nh theo y\u00eau c\u1ea7u<br \/>D\u00e2y b\u0103ng gai, b\u0103ng x\u00f9 kh\u00f4ng c\u00f3 l\u1edbp keo d\u00e1n, d\u1ec5 d\u00e0ng may tr\u1ef1c ti\u1ebfp l\u00ean qu\u1ea7n \u00e1o, v\u1ea3i v\u00f3c ho\u1eb7c da.<br \/>Th\u00edch h\u1ee3p may b\u1eb1ng tay ho\u1eb7c b\u1eb1ng m\u00e1y<\/p>","protected":false},"featured_media":4963,"comment_status":"open","ping_status":"closed","template":"","meta":[],"product_brand":[62],"product_cat":[16,91,19,93],"product_tag":[127,126,128,125],"class_list":{"0":"post-4962","1":"product","2":"type-product","3":"status-publish","4":"has-post-thumbnail","6":"product_brand-namphuong","7":"product_cat-special","8":"product_cat-same","9":"product_cat-standard","10":"product_cat-sew","11":"product_tag-back-nylon-fabric-fastener-strips-for-clothing-sewing","12":"product_tag-easy-to-sew","13":"product_tag-same-side","14":"product_tag-sew-on-hook-and-loop-strips","16":"first","17":"instock","18":"taxable","19":"shipping-taxable","20":"product-type-simple"},"_links":{"self":[{"href":"https:\/\/nfhookloop.com\/en\/wp-json\/wp\/v2\/product\/4962","targetHints":{"allow":["GET"]}}],"collection":[{"href":"https:\/\/nfhookloop.com\/en\/wp-json\/wp\/v2\/product"}],"about":[{"href":"https:\/\/nfhookloop.com\/en\/wp-json\/wp\/v2\/types\/product"}],"replies":[{"embeddable":true,"href":"https:\/\/nfhookloop.com\/en\/wp-json\/wp\/v2\/comments?post=4962"}],"wp:featuredmedia":[{"embeddable":true,"href":"https:\/\/nfhookloop.com\/en\/wp-json\/wp\/v2\/media\/4963"}],"wp:attachment":[{"href":"https:\/\/nfhookloop.com\/en\/wp-json\/wp\/v2\/media?parent=4962"}],"wp:term":[{"taxonomy":"product_brand","embeddable":true,"href":"https:\/\/nfhookloop.com\/en\/wp-json\/wp\/v2\/product_brand?post=4962"},{"taxonomy":"product_cat","embeddable":true,"href":"https:\/\/nfhookloop.com\/en\/wp-json\/wp\/v2\/product_cat?post=4962"},{"taxonomy":"product_tag","embeddable":true,"href":"https:\/\/nfhookloop.com\/en\/wp-json\/wp\/v2\/product_tag?post=4962"}],"curies":[{"name":"wp","href":"https:\/\/api.w.org\/{rel}","templated":true}]}}