{"id":4967,"date":"2025-08-23T06:10:14","date_gmt":"2025-08-23T06:10:14","guid":{"rendered":"https:\/\/nfhookloop.com\/?post_type=product&#038;p=4967"},"modified":"2026-01-24T06:44:30","modified_gmt":"2026-01-24T06:44:30","slug":"np_cgmtsv-4","status":"publish","type":"product","link":"https:\/\/nfhookloop.com\/en\/product\/np_cgmtsv-4\/","title":{"rendered":"B\u0103ng gai v\u00e0 x\u00f9 c\u00f9ng m\u1eb7t may tr\u1ef1c ti\u1ebfp \u2013 D\u00f9ng l\u00e0m v\u1ecf b\u1ea3o v\u1ec7 c\u00e1p (c\u00f3 th\u1ec3 t\u00f9y ch\u1ec9nh theo y\u00eau c\u1ea7u)"},"content":{"rendered":"<p>\u0110\u1ed9 b\u00e1m ch\u1eafc ch\u1eafn \u2013 S\u1ea3n ph\u1ea9m \u0111\u01b0\u1ee3c l\u00e0m t\u1eeb nylon ch\u1ea5t l\u01b0\u1ee3ng cao, c\u00f3 l\u1ef1c b\u00e1m m\u1ea1nh, b\u1ec1n b\u1ec9 v\u00e0 t\u00e1i s\u1eed d\u1ee5ng nhi\u1ec1u l\u1ea7n. M\u1eb7t gai v\u00e0 m\u1eb7t x\u00f9 li\u00ean k\u1ebft ch\u1eb7t ch\u1ebd, ch\u1ed1ng bung r\u1eddi, \u0111\u1ea3m b\u1ea3o c\u1ed1 \u0111\u1ecbnh ch\u1eafc ch\u1eafn.<br \/>C\u1eaft theo k\u00edch th\u01b0\u1edbc tu\u1ef3 ch\u1ecdn \u2013 Cu\u1ed9n b\u0103ng c\u00f3 th\u1ec3 k\u00e9o d\u00e0i \u0111\u1ebfn \u0111\u1ed9 d\u00e0i mong mu\u1ed1n v\u00e0 c\u1eaft th\u00e0nh \u0111o\u1ea1n theo k\u00edch th\u01b0\u1edbc c\u1ea7n d\u00f9ng. Khi \u00e9p hai m\u1eb7t gai \u2013 x\u00f9 l\u1ea1i v\u1edbi nhau s\u1ebd t\u1ea1o ra l\u1ef1c d\u00ednh m\u1ea1nh, gi\u1eef v\u1eadt d\u1ee5ng \u1ed5n \u0111\u1ecbnh.<br \/>\u1ee8ng d\u1ee5ng \u0111a d\u1ea1ng \u2013 B\u0103ng gai, b\u0103ng x\u00f9 may \u0111\u01b0\u1ee3c s\u1eed d\u1ee5ng r\u1ed9ng r\u00e3i trong ng\u00e0nh may m\u1eb7c, th\u1ee7 c\u00f4ng DIY, t\u00fai x\u00e1ch, gi\u00e0y d\u00e9p, qu\u1ea7n \u00e1o, v\u1ecf b\u1ecdc d\u00e2y \u0111i\u1ec7n, ph\u1ee5 ki\u1ec7n gia d\u1ee5ng. Ph\u00f9 h\u1ee3p d\u00f9ng t\u1ea1i nh\u00e0, v\u0103n ph\u00f2ng, tr\u01b0\u1eddng h\u1ecdc. C\u00f3 th\u1ec3 c\u1eaft linh ho\u1ea1t theo nhu c\u1ea7u, l\u00e0 v\u1eadt d\u1ee5ng c\u1ea7n thi\u1ebft cho m\u1ecdi gia \u0111\u00ecnh v\u00e0 x\u01b0\u1edfng s\u1ea3n xu\u1ea5t.<\/p>","protected":false},"excerpt":{"rendered":"<p>K\u00edch th\u01b0\u1edbc v\u00e0 s\u1ed1 l\u01b0\u1ee3ng \u2013 \u0110\u00e2y l\u00e0 lo\u1ea1i b\u0103ng gai, b\u0103ng x\u00f9 c\u00f9ng m\u1ed9t m\u1eb7t. H\u1ed7 tr\u1ee3 t\u00f9y ch\u1ec9nh theo y\u00eau c\u1ea7u.<br \/>B\u0103ng gai, b\u0103ng x\u00f9 may, kh\u00f4ng c\u00f3 keo d\u00ednh, d\u1ec5 d\u00e0ng may l\u00ean qu\u1ea7n \u00e1o, v\u1ea3i v\u00e0 da, c\u00f3 th\u1ec3 may b\u1eb1ng tay ho\u1eb7c b\u1eb1ng m\u00e1y.<\/p>","protected":false},"featured_media":4968,"comment_status":"open","ping_status":"closed","template":"","meta":[],"product_brand":[62],"product_cat":[16,91,19,93],"product_tag":[127,126,128,125],"class_list":{"0":"post-4967","1":"product","2":"type-product","3":"status-publish","4":"has-post-thumbnail","6":"product_brand-namphuong","7":"product_cat-special","8":"product_cat-same","9":"product_cat-standard","10":"product_cat-sew","11":"product_tag-back-nylon-fabric-fastener-strips-for-clothing-sewing","12":"product_tag-easy-to-sew","13":"product_tag-same-side","14":"product_tag-sew-on-hook-and-loop-strips","16":"first","17":"instock","18":"taxable","19":"shipping-taxable","20":"product-type-simple"},"_links":{"self":[{"href":"https:\/\/nfhookloop.com\/en\/wp-json\/wp\/v2\/product\/4967","targetHints":{"allow":["GET"]}}],"collection":[{"href":"https:\/\/nfhookloop.com\/en\/wp-json\/wp\/v2\/product"}],"about":[{"href":"https:\/\/nfhookloop.com\/en\/wp-json\/wp\/v2\/types\/product"}],"replies":[{"embeddable":true,"href":"https:\/\/nfhookloop.com\/en\/wp-json\/wp\/v2\/comments?post=4967"}],"wp:featuredmedia":[{"embeddable":true,"href":"https:\/\/nfhookloop.com\/en\/wp-json\/wp\/v2\/media\/4968"}],"wp:attachment":[{"href":"https:\/\/nfhookloop.com\/en\/wp-json\/wp\/v2\/media?parent=4967"}],"wp:term":[{"taxonomy":"product_brand","embeddable":true,"href":"https:\/\/nfhookloop.com\/en\/wp-json\/wp\/v2\/product_brand?post=4967"},{"taxonomy":"product_cat","embeddable":true,"href":"https:\/\/nfhookloop.com\/en\/wp-json\/wp\/v2\/product_cat?post=4967"},{"taxonomy":"product_tag","embeddable":true,"href":"https:\/\/nfhookloop.com\/en\/wp-json\/wp\/v2\/product_tag?post=4967"}],"curies":[{"name":"wp","href":"https:\/\/api.w.org\/{rel}","templated":true}]}}