{"id":5005,"date":"2025-08-23T07:26:48","date_gmt":"2025-08-23T07:26:48","guid":{"rendered":"https:\/\/nfhookloop.com\/?post_type=product&#038;p=5005"},"modified":"2026-01-24T04:42:36","modified_gmt":"2026-01-24T04:42:36","slug":"np_nnvso-001","status":"publish","type":"product","link":"https:\/\/nfhookloop.com\/en\/product\/np_nnvso-001\/","title":{"rendered":"B\u0103ng gai v\u00e0 b\u0103ng x\u00f9 may vi\u1ec1n, ch\u1ea5t li\u1ec7u nylon d\u1ea1ng tr\u01a1n (kh\u00f4ng l\u00f4ng t\u01a1), m\u00e0u \u0111en \u2013 T\u00f9y ch\u1ec9nh theo y\u00eau c\u1ea7u"},"content":{"rendered":"<p>\u0110\u1ed9 b\u1ec1n v\u00e0 t\u00ednh n\u0103ng<br \/>Li\u00ean k\u1ebft l\u00e2u d\u00e0i: Nhung d\u1ea1ng v\u00f2ng \u0111\u01b0\u1ee3c s\u1eafp x\u1ebfp ch\u1eb7t ch\u1ebd v\u00e0 c\u00f3 \u0111\u1ed9 b\u00e1m d\u00ednh cao khi s\u1eed d\u1ee5ng v\u1edbi b\u0103ng gai m\u1ec1m. C\u00f3 th\u1ec3 m\u1edf v\u00e0 \u0111\u00f3ng h\u00e0ng ngh\u00ecn l\u1ea7n m\u00e0 kh\u00f4ng b\u1ecb bi\u1ebfn d\u1ea1ng hay bong tr\u00f3c, ph\u00f9 h\u1ee3p cho c\u00e1c t\u00ecnh hu\u1ed1ng s\u1eed d\u1ee5ng th\u01b0\u1eddng xuy\u00ean nh\u01b0 d\u00e2y \u0111eo m\u00e1y \u0111o huy\u1ebft \u00e1p v\u00e0 \u0111\u1ed3 b\u1ea3o h\u1ed9 th\u1ec3 thao.<br \/>Thi\u1ebft k\u1ebf th\u00e2n thi\u1ec7n v\u1edbi l\u00e0n da: B\u1ec1 m\u1eb7t nh\u1eb5n m\u1ecbn, kh\u00f4ng c\u00f3 g\u1edd, m\u1ec1m m\u1ea1i v\u00e0 kh\u00f4ng g\u00e2y k\u00edch \u1ee9ng cho tay, \u0111\u1ed3ng th\u1eddi kh\u00f4ng g\u00e2y k\u00edch \u1ee9ng khi ti\u1ebfp x\u00fac v\u1edbi da. Ph\u00f9 h\u1ee3p cho c\u00e1c s\u1ea3n ph\u1ea9m b\u00f3 s\u00e1t nh\u01b0 qu\u1ea7n \u00e1o tr\u1ebb em v\u00e0 \u0111\u1ed3 l\u00f3t.<br \/>\u00cdt ti\u1ebfng \u1ed3n v\u00e0 th\u1ea9m m\u1ef9: Qu\u00e1 tr\u00ecnh m\u1edf v\u00e0 \u0111\u00f3ng t\u1ea1o ra ma s\u00e1t t\u1ed1i thi\u1ec3u v\u00e0 kh\u00f4ng c\u00f3 gai ho\u1eb7c x\u00f9 nh\u00f4 ra. Ngo\u1ea1i h\u00ecnh \u0111\u01a1n gi\u1ea3n, ph\u00f9 h\u1ee3p v\u1edbi qu\u1ea7n \u00e1o cao c\u1ea5p, t\u00fai x\u00e1ch v\u00e0 c\u00e1c s\u1ea3n ph\u1ea9m kh\u00e1c \u0111\u00f2i h\u1ecfi t\u00ednh th\u1ea9m m\u1ef9 cao.<br \/>B\u0103ng gai, b\u0103ng x\u00f9 kh\u00f4ng c\u00f3 l\u00f4ng c\u00f3 nh\u1eefng \u0111i\u1ec3m b\u00e1n h\u00e0ng c\u1ed1t l\u00f5i l\u00e0 &#8220;\u0111\u1ed9 b\u1ec1n, an to\u00e0n, th\u1ea9m m\u1ef9 v\u00e0 \u0111a ch\u1ee9c n\u0103ng&#8221;, \u0111\u1ed3ng th\u1eddi gi\u1ea3i quy\u1ebft c\u00e1c v\u1ea5n \u0111\u1ec1 c\u1ee7a m\u00f3c v\u00e0 v\u00f2ng truy\u1ec1n th\u1ed1ng nh\u01b0 d\u1ec5 bong tr\u00f3c v\u00e0 kh\u00f3 v\u1ec7 sinh th\u00f4ng qua c\u00e1c quy tr\u00ecnh \u0111\u1eb7c bi\u1ec7t, \u0111\u1eb7c bi\u1ec7t ph\u00f9 h\u1ee3p cho vi\u1ec7c s\u1eed d\u1ee5ng th\u01b0\u1eddng xuy\u00ean v\u00e0 c\u00e1c t\u00ecnh hu\u1ed1ng ti\u00eau chu\u1ea9n cao. C\u00e1c \u0111\u1eb7c t\u00ednh v\u1ec1 m\u00f4i tr\u01b0\u1eddng v\u00e0 d\u1ecbch v\u1ee5 t\u00f9y ch\u1ec9nh c\u1ee7a n\u00f3 \u0111\u00e3 m\u1edf r\u1ed9ng h\u01a1n n\u1eefa ranh gi\u1edbi \u1ee9ng d\u1ee5ng, tr\u1edf th\u00e0nh gi\u1ea3i ph\u00e1p \u0111\u01b0\u1ee3c \u01b0a chu\u1ed9ng cho c\u00e1c ng\u00e0nh c\u00f4ng nghi\u1ec7p nh\u01b0 ch\u0103m s\u00f3c s\u1ee9c kh\u1ecfe, \u0111\u1ed3 n\u1ed9i th\u1ea5t gia \u0111\u00ecnh v\u00e0 \u0111i\u1ec7n t\u1eed.<\/p>","protected":false},"excerpt":{"rendered":"<p>C\u1ea5u tr\u00fac v\u00f2ng nhung \u0111\u1eb7c bi\u1ec7t:<br \/>B\u1ec1 m\u1eb7t l\u00f4ng \u0111\u01b0\u1ee3c l\u00e0m t\u1eeb ch\u1ea5t li\u1ec7u nylon ho\u1eb7c polyester, \u0111\u01b0\u1ee3c x\u1eed l\u00fd b\u1eb1ng k\u1ef9 thu\u1eadt \u0111\u1eb7c bi\u1ec7t \u0111\u1ec3 t\u1ea1o th\u00e0nh c\u1ea5u tr\u00fac v\u00f2ng nhung \u0111\u1ec1u v\u00e0 g\u1ecdn, b\u1ecf qua quy tr\u00ecnh \u0111\u00e1nh l\u00f4ng truy\u1ec1n th\u1ed1ng.<br \/>Nh\u1edd \u0111\u00f3, tr\u00e1nh \u0111\u01b0\u1ee3c hi\u1ec7n t\u01b0\u1ee3ng x\u00f9 l\u00f4ng ho\u1eb7c r\u1ee5ng l\u00f4ng, gi\u00fap b\u1ec1 m\u1eb7t s\u1ea3n ph\u1ea9m \u0111\u1eb9p h\u01a1n, \u0111\u1ed3ng th\u1eddi mang l\u1ea1i c\u1ea3m gi\u00e1c m\u1ec1m m\u1ea1i, m\u1ecbn m\u00e0ng khi ch\u1ea1m v\u00e0o.<\/p>","protected":false},"featured_media":5008,"comment_status":"open","ping_status":"closed","template":"","meta":[],"product_brand":[62],"product_cat":[16,81,19,93],"product_tag":[65,140,143],"class_list":{"0":"post-5005","1":"product","2":"type-product","3":"status-publish","4":"has-post-thumbnail","6":"product_brand-namphuong","7":"product_cat-special","8":"product_cat-un-napped","9":"product_cat-standard","10":"product_cat-sew","11":"product_tag-100-nylon","12":"product_tag-nylon-hook-and-loop","13":"product_tag-un-napped-hook-and-loop","15":"first","16":"instock","17":"taxable","18":"shipping-taxable","19":"product-type-simple"},"_links":{"self":[{"href":"https:\/\/nfhookloop.com\/en\/wp-json\/wp\/v2\/product\/5005","targetHints":{"allow":["GET"]}}],"collection":[{"href":"https:\/\/nfhookloop.com\/en\/wp-json\/wp\/v2\/product"}],"about":[{"href":"https:\/\/nfhookloop.com\/en\/wp-json\/wp\/v2\/types\/product"}],"replies":[{"embeddable":true,"href":"https:\/\/nfhookloop.com\/en\/wp-json\/wp\/v2\/comments?post=5005"}],"wp:featuredmedia":[{"embeddable":true,"href":"https:\/\/nfhookloop.com\/en\/wp-json\/wp\/v2\/media\/5008"}],"wp:attachment":[{"href":"https:\/\/nfhookloop.com\/en\/wp-json\/wp\/v2\/media?parent=5005"}],"wp:term":[{"taxonomy":"product_brand","embeddable":true,"href":"https:\/\/nfhookloop.com\/en\/wp-json\/wp\/v2\/product_brand?post=5005"},{"taxonomy":"product_cat","embeddable":true,"href":"https:\/\/nfhookloop.com\/en\/wp-json\/wp\/v2\/product_cat?post=5005"},{"taxonomy":"product_tag","embeddable":true,"href":"https:\/\/nfhookloop.com\/en\/wp-json\/wp\/v2\/product_tag?post=5005"}],"curies":[{"name":"wp","href":"https:\/\/api.w.org\/{rel}","templated":true}]}}