{"id":5023,"date":"2025-08-23T07:40:23","date_gmt":"2025-08-23T07:40:23","guid":{"rendered":"https:\/\/nfhookloop.com\/?post_type=product&#038;p=5023"},"modified":"2026-01-24T04:26:38","modified_gmt":"2026-01-24T04:26:38","slug":"np_nnvso-l04","status":"publish","type":"product","link":"https:\/\/nfhookloop.com\/en\/product\/np_nnvso-l04\/","title":{"rendered":"B\u0103ng gai v\u00e0 b\u0103ng  x\u00f9 lo\u1ea1i may b\u1eb1ng nylon kh\u00f4ng x\u00f9 l\u00f4ng, m\u00e0u tr\u1eafng \u2013 T\u00f9y ch\u1ec9nh theo y\u00eau c\u1ea7u"},"content":{"rendered":"<p>\u0110\u1ed9 b\u1ec1n v\u00e0 t\u00ednh n\u0103ng v\u01b0\u1ee3t tr\u1ed9i<br \/>Li\u00ean k\u1ebft l\u00e2u d\u00e0i: B\u1ec1 m\u1eb7t b\u0103ng x\u00f9 nhung \u0111\u01b0\u1ee3c d\u1ec7t ch\u1eb7t ch\u1ebd, c\u00f3 \u0111\u1ed9 b\u00e1m d\u00ednh cao khi k\u1ebft h\u1ee3p v\u1edbi b\u1ec1 m\u1eb7t b\u0103ng gai. C\u00f3 th\u1ec3 \u0111\u00f3ng m\u1edf h\u00e0ng ngh\u00ecn l\u1ea7n m\u00e0 kh\u00f4ng b\u1ecb bi\u1ebfn d\u1ea1ng hay bung s\u1ee3i, r\u1ea5t ph\u00f9 h\u1ee3p cho c\u00e1c s\u1ea3n ph\u1ea9m s\u1eed d\u1ee5ng th\u01b0\u1eddng xuy\u00ean nh\u01b0 d\u00e2y \u0111eo m\u00e1y \u0111o huy\u1ebft \u00e1p hay \u0111\u1ed3 b\u1ea3o h\u1ed9 th\u1ec3 thao. Thi\u1ebft k\u1ebf Thi\u1ebft k\u1ebf th\u00e2n thi\u1ec7n v\u1edbi da: B\u1ec1 m\u1eb7t m\u1ecbn m\u00e0ng, kh\u00f4ng g\u1edd c\u1ea1nh, m\u1ec1m m\u1ea1i v\u00e0 kh\u00f4ng g\u00e2y k\u00edch \u1ee9ng tay khi s\u1eed d\u1ee5ng. Ph\u00f9 h\u1ee3p v\u1edbi c\u00e1c s\u1ea3n ph\u1ea9m ti\u1ebfp x\u00fac tr\u1ef1c ti\u1ebfp v\u1edbi da nh\u01b0 qu\u1ea7n \u00e1o tr\u1ebb em, \u0111\u1ed3 l\u00f3t, v.v.<br \/>\u00cdt ti\u1ebfng \u1ed3n v\u00e0 th\u1ea9m m\u1ef9 cao: Qu\u00e1 tr\u00ecnh \u0111\u00f3ng\/m\u1edf t\u1ea1o \u0111\u1ed9 ma s\u00e1t th\u1ea5p, thi\u1ebft k\u1ebf ph\u1ea3ng, kh\u00f4ng l\u1ed3i l\u00f5m. Thi\u1ebft k\u1ebf t\u1ed1i gi\u1ea3n, tinh t\u1ebf, ph\u00f9 h\u1ee3p v\u1edbi c\u00e1c s\u1ea3n ph\u1ea9m cao c\u1ea5p nh\u01b0 qu\u1ea7n \u00e1o th\u1eddi trang, t\u00fai x\u00e1ch, v\u00e0 c\u00e1c \u1ee9ng d\u1ee5ng y\u00eau c\u1ea7u t\u00ednh th\u1ea9m m\u1ef9 cao.<br \/>Gi\u1ea3i ph\u00e1p kh\u00f4ng x\u00f9 l\u00f4ng \u2013 B\u1ec1n, An to\u00e0n, \u0110a n\u0103ng v\u00e0 Th\u1ea9m m\u1ef9<br \/>S\u1ea3n ph\u1ea9m kh\u1eafc ph\u1ee5c c\u00e1c nh\u01b0\u1ee3c \u0111i\u1ec3m c\u1ee7a lo\u1ea1i d\u00e1n gai v\u00e0 x\u00f9 truy\u1ec1n th\u1ed1ng nh\u01b0 d\u1ec5 bung, kh\u00f3 l\u00e0m s\u1ea1ch, nh\u1edd c\u00f4ng ngh\u1ec7 x\u1eed l\u00fd \u0111\u1eb7c bi\u1ec7t.<br \/>\u0110\u1eb7c bi\u1ec7t ph\u00f9 h\u1ee3p cho c\u00e1c \u1ee9ng d\u1ee5ng c\u01b0\u1eddng \u0111\u1ed9 cao v\u00e0 ti\u00eau chu\u1ea9n cao, ch\u1eb3ng h\u1ea1n nh\u01b0: Ng\u00e0nh y t\u1ebf, N\u1ed9i th\u1ea5t gia \u0111\u00ecnh, Thi\u1ebft b\u1ecb \u0111i\u1ec7n t\u1eed<br \/>V\u1edbi c\u00e1c \u0111\u1eb7c \u0111i\u1ec3m th\u00e2n thi\u1ec7n v\u1edbi m\u00f4i tr\u01b0\u1eddng v\u00e0 kh\u1ea3 n\u0103ng t\u00f9y ch\u1ec9nh cao, s\u1ea3n ph\u1ea9m n\u00e0y \u0111ang ng\u00e0y c\u00e0ng tr\u1edf th\u00e0nh gi\u1ea3i ph\u00e1p \u01b0u ti\u00ean trong nhi\u1ec1u ng\u00e0nh c\u00f4ng nghi\u1ec7p hi\u1ec7n \u0111\u1ea1i.<\/p>","protected":false},"excerpt":{"rendered":"<p>C\u1ea5u tr\u00fac x\u00f9 nhung \u0111\u1eb7c bi\u1ec7t: B\u1ec1 m\u1eb7t l\u00f4ng \u0111\u01b0\u1ee3c l\u00e0m t\u1eeb ch\u1ea5t li\u1ec7u nylon ho\u1eb7c polyester, \u0111\u01b0\u1ee3c x\u1eed l\u00fd qua c\u00f4ng ngh\u1ec7 \u0111\u1eb7c bi\u1ec7t \u0111\u1ec3 t\u1ea1o th\u00e0nh k\u1ebft c\u1ea5u x\u00f9 nhung \u0111\u1ec1u, g\u1ecdn g\u00e0ng.<br \/>Quy tr\u00ecnh n\u00e0y lo\u1ea1i b\u1ecf b\u01b0\u1edbc ch\u1ea3i l\u00f4ng truy\u1ec1n th\u1ed1ng, gi\u00fap h\u1ea1n ch\u1ebf hi\u1ec7n t\u01b0\u1ee3ng r\u1ee5ng l\u00f4ng ho\u1eb7c x\u00f9 l\u00f4ng, mang l\u1ea1i di\u1ec7n m\u1ea1o \u0111\u1eb9p h\u01a1n c\u00f9ng v\u1edbi c\u1ea3m gi\u00e1c m\u1ec1m m\u1ea1i, m\u1ecbn m\u00e0ng khi ch\u1ea1m v\u00e0o.<\/p>","protected":false},"featured_media":5016,"comment_status":"open","ping_status":"closed","template":"","meta":[],"product_brand":[62],"product_cat":[16,81,19,93],"product_tag":[65,140,143],"class_list":{"0":"post-5023","1":"product","2":"type-product","3":"status-publish","4":"has-post-thumbnail","6":"product_brand-namphuong","7":"product_cat-special","8":"product_cat-un-napped","9":"product_cat-standard","10":"product_cat-sew","11":"product_tag-100-nylon","12":"product_tag-nylon-hook-and-loop","13":"product_tag-un-napped-hook-and-loop","15":"first","16":"instock","17":"taxable","18":"shipping-taxable","19":"product-type-simple"},"_links":{"self":[{"href":"https:\/\/nfhookloop.com\/en\/wp-json\/wp\/v2\/product\/5023","targetHints":{"allow":["GET"]}}],"collection":[{"href":"https:\/\/nfhookloop.com\/en\/wp-json\/wp\/v2\/product"}],"about":[{"href":"https:\/\/nfhookloop.com\/en\/wp-json\/wp\/v2\/types\/product"}],"replies":[{"embeddable":true,"href":"https:\/\/nfhookloop.com\/en\/wp-json\/wp\/v2\/comments?post=5023"}],"wp:featuredmedia":[{"embeddable":true,"href":"https:\/\/nfhookloop.com\/en\/wp-json\/wp\/v2\/media\/5016"}],"wp:attachment":[{"href":"https:\/\/nfhookloop.com\/en\/wp-json\/wp\/v2\/media?parent=5023"}],"wp:term":[{"taxonomy":"product_brand","embeddable":true,"href":"https:\/\/nfhookloop.com\/en\/wp-json\/wp\/v2\/product_brand?post=5023"},{"taxonomy":"product_cat","embeddable":true,"href":"https:\/\/nfhookloop.com\/en\/wp-json\/wp\/v2\/product_cat?post=5023"},{"taxonomy":"product_tag","embeddable":true,"href":"https:\/\/nfhookloop.com\/en\/wp-json\/wp\/v2\/product_tag?post=5023"}],"curies":[{"name":"wp","href":"https:\/\/api.w.org\/{rel}","templated":true}]}}