{"id":5024,"date":"2025-08-27T01:54:50","date_gmt":"2025-08-27T01:54:50","guid":{"rendered":"https:\/\/nfhookloop.com\/?post_type=product&#038;p=5024"},"modified":"2026-01-24T04:24:39","modified_gmt":"2026-01-24T04:24:39","slug":"np_bbhlcb-b01","status":"publish","type":"product","link":"https:\/\/nfhookloop.com\/en\/product\/np_bbhlcb-b01\/","title":{"rendered":"B\u00e1n s\u1ec9 d\u00e2y bu\u1ed9c c\u00e1p b\u1eb1ng nylong b\u0103ng gai, b\u0103ng x\u00f9 2 m\u1eb7t \u2013 H\u00ecnh ch\u1eef C, c\u00f3 s\u1eb5n h\u00e0ng"},"content":{"rendered":"<p>T\u00f9y ch\u1ec9nh linh ho\u1ea1t: Nhi\u1ec1u nh\u00e0 cung c\u1ea5p h\u1ed7 tr\u1ee3 d\u1ecbch v\u1ee5 t\u00f9y ch\u1ec9nh theo y\u00eau c\u1ea7u nh\u01b0 m\u00e0u s\u1eafc, h\u00ecnh d\u1ea1ng (k\u1ec3 c\u1ea3 d\u1ea1ng b\u1ea5t quy t\u1eafc), in logo th\u01b0\u01a1ng hi\u1ec7u\u2026 Kh\u00f4ng ch\u1ec9 \u0111\u00e1p \u1ee9ng nhu c\u1ea7u s\u1eed d\u1ee5ng m\u00e0 c\u00f2n gi\u00fap qu\u1ea3ng b\u00e1 v\u00e0 c\u00e1 nh\u00e2n h\u00f3a th\u01b0\u01a1ng hi\u1ec7u c\u1ee7a b\u1ea1n.<br \/>\u0110a d\u1ea1ng ch\u1ea5t li\u1ec7u &amp; quy tr\u00ecnh s\u1ea3n xu\u1ea5t: B\u00ean c\u1ea1nh ch\u1ea5t li\u1ec7u nylon ph\u1ed5 bi\u1ebfn, c\u00f2n c\u00f3 c\u00e1c d\u00f2ng s\u1ea3n ph\u1ea9m \u0111\u1eb7c bi\u1ec7t ph\u1ee5c v\u1ee5 nhu c\u1ea7u chuy\u00ean bi\u1ec7t, ch\u1eb3ng h\u1ea1n nh\u01b0:<br \/>Ph\u1ee7 ch\u1ed1ng th\u1ea5m &amp; kh\u00e1ng tia UV: Th\u00edch h\u1ee3p cho thi\u1ebft b\u1ecb ngo\u00e0i tr\u1eddi.<br \/>Phi\u00ean b\u1ea3n ch\u1ed1ng ch\u00e1y: \u0110\u00e1p \u1ee9ng y\u00eau c\u1ea7u an to\u00e0n cao trong trung t\u00e2m d\u1eef li\u1ec7u, thi\u1ebft b\u1ecb \u0111i\u1ec7n t\u1eed.<br \/>Keo th\u00e2n thi\u1ec7n m\u00f4i tr\u01b0\u1eddng &amp; v\u1eadt li\u1ec7u ph\u00e2n h\u1ee7y sinh h\u1ecdc: Gi\u1ea3i ph\u00e1p xanh, b\u1ec1n v\u1eefng, gi\u1ea3m t\u00e1c \u0111\u1ed9ng \u0111\u1ebfn m\u00f4i tr\u01b0\u1eddng.<\/p>","protected":false},"excerpt":{"rendered":"<p>C\u1ed1 \u0111\u1ecbnh ch\u1eafc ch\u1eafn \u2013 Kh\u1ea3 n\u0103ng b\u00e1m d\u00ednh cao, kh\u00f4ng d\u1ec5 bung tu\u1ed9t, ph\u00f9 h\u1ee3p cho nhi\u1ec1u t\u00ecnh hu\u1ed1ng s\u1eed d\u1ee5ng kh\u00e1c nhau.<br \/>\u0110i\u1ec1u ch\u1ec9nh linh ho\u1ea1t \u2013 C\u00f3 th\u1ec3 t\u1ef1 do \u0111i\u1ec1u ch\u1ec9nh \u0111\u1ed9 co gi\u00e3n theo \u0111\u1ed9 d\u00e0y v\u00e0 k\u00edch th\u01b0\u1edbc c\u1ee7a v\u1eadt d\u1ee5ng c\u1ea7n bu\u1ed9c.<br \/>T\u00e1i s\u1eed d\u1ee5ng nhi\u1ec1u l\u1ea7n \u2013 M\u1ed9t s\u1ed1 d\u00f2ng s\u1ea3n ph\u1ea9m \u0111\u01b0\u1ee3c l\u00e0m t\u1eeb v\u1eadt li\u1ec7u ph\u00e2n h\u1ee7y sinh h\u1ecdc, th\u00e2n thi\u1ec7n m\u00f4i tr\u01b0\u1eddng, lo\u1ea1i b\u1ecf phi\u1ec1n to\u00e1i ph\u1ea3i thay th\u1ebf th\u01b0\u1eddng xuy\u00ean.<br \/>B\u1ec1 m\u1eb7t m\u1ecbn, kh\u00f4ng x\u00f9 l\u00f4ng \u2013 Kh\u00f4ng \u0111\u1ec3 l\u1ea1i d\u1ea5u v\u1ebft hay g\u00e2y h\u01b0 h\u1ea1i cho b\u1ec1 m\u1eb7t v\u1eadt d\u1ee5ng sau khi th\u00e1o.<\/p>","protected":false},"featured_media":5027,"comment_status":"open","ping_status":"closed","template":"","meta":[],"product_brand":[62],"product_cat":[19,95,101,35],"product_tag":[65,138,144,140],"class_list":{"0":"post-5024","1":"product","2":"type-product","3":"status-publish","4":"has-post-thumbnail","6":"product_brand-namphuong","7":"product_cat-standard","8":"product_cat-back","9":"product_cat-cableties","10":"product_cat-storagestraps","11":"product_tag-100-nylon","12":"product_tag-back-to-back-hook-and-loop","13":"product_tag-cable-ties","14":"product_tag-nylon-hook-and-loop","16":"first","17":"instock","18":"taxable","19":"shipping-taxable","20":"product-type-simple"},"_links":{"self":[{"href":"https:\/\/nfhookloop.com\/en\/wp-json\/wp\/v2\/product\/5024","targetHints":{"allow":["GET"]}}],"collection":[{"href":"https:\/\/nfhookloop.com\/en\/wp-json\/wp\/v2\/product"}],"about":[{"href":"https:\/\/nfhookloop.com\/en\/wp-json\/wp\/v2\/types\/product"}],"replies":[{"embeddable":true,"href":"https:\/\/nfhookloop.com\/en\/wp-json\/wp\/v2\/comments?post=5024"}],"wp:featuredmedia":[{"embeddable":true,"href":"https:\/\/nfhookloop.com\/en\/wp-json\/wp\/v2\/media\/5027"}],"wp:attachment":[{"href":"https:\/\/nfhookloop.com\/en\/wp-json\/wp\/v2\/media?parent=5024"}],"wp:term":[{"taxonomy":"product_brand","embeddable":true,"href":"https:\/\/nfhookloop.com\/en\/wp-json\/wp\/v2\/product_brand?post=5024"},{"taxonomy":"product_cat","embeddable":true,"href":"https:\/\/nfhookloop.com\/en\/wp-json\/wp\/v2\/product_cat?post=5024"},{"taxonomy":"product_tag","embeddable":true,"href":"https:\/\/nfhookloop.com\/en\/wp-json\/wp\/v2\/product_tag?post=5024"}],"curies":[{"name":"wp","href":"https:\/\/api.w.org\/{rel}","templated":true}]}}