{"id":5033,"date":"2025-08-27T02:09:47","date_gmt":"2025-08-27T02:09:47","guid":{"rendered":"https:\/\/nfhookloop.com\/?post_type=product&#038;p=5033"},"modified":"2026-01-24T04:04:21","modified_gmt":"2026-01-24T04:04:21","slug":"np_bbhlcb-i02","status":"publish","type":"product","link":"https:\/\/nfhookloop.com\/en\/product\/np_bbhlcb-i02\/","title":{"rendered":"B\u00e1n s\u1ec9 d\u00e2y r\u00fat nylon b\u0103ng gai, b\u0103ng x\u00f9 hai m\u1eb7t, d\u1ea1ng d\u00e2y \u0111ai d\u1ea1ng ch\u1eef I."},"content":{"rendered":"<p>Kh\u1ea3 n\u0103ng t\u00f9y ch\u1ec9nh cao<br \/>Nhi\u1ec1u nh\u00e0 cung c\u1ea5p h\u1ed7 tr\u1ee3 d\u1ecbch v\u1ee5 t\u00f9y ch\u1ec9nh theo y\u00eau c\u1ea7u: m\u00e0u s\u1eafc, h\u00ecnh d\u1ea1ng (k\u1ec3 c\u1ea3 h\u00ecnh d\u1ea1ng \u0111\u1eb7c bi\u1ec7t), in logo th\u01b0\u01a1ng hi\u1ec7u\u2026 S\u1ea3n ph\u1ea9m kh\u00f4ng ch\u1ec9 \u0111\u00e1p \u1ee9ng nhu c\u1ea7u s\u1eed d\u1ee5ng th\u1ef1c t\u1ebf, m\u00e0 c\u00f2n gi\u00fap qu\u1ea3ng b\u00e1 ho\u1eb7c c\u00e1 nh\u00e2n h\u00f3a th\u01b0\u01a1ng hi\u1ec7u c\u1ee7a b\u1ea1n.<br \/>V\u1eadt li\u1ec7u &amp; quy tr\u00ecnh \u0111a d\u1ea1ng<br \/>Ngo\u00e0i ch\u1ea5t li\u1ec7u nylon th\u00f4ng d\u1ee5ng, c\u00f2n c\u00f3 nhi\u1ec1u d\u00f2ng s\u1ea3n ph\u1ea9m \u0111\u01b0\u1ee3c thi\u1ebft k\u1ebf ri\u00eang cho nhu c\u1ea7u \u0111\u1eb7c bi\u1ec7t, ch\u1eb3ng h\u1ea1n:<br \/>L\u1edbp ph\u1ee7 ch\u1ed1ng n\u01b0\u1edbc &amp; tia UV: th\u00edch h\u1ee3p cho thi\u1ebft b\u1ecb ngo\u00e0i tr\u1eddi.<br \/>D\u00f2ng ch\u1ed1ng ch\u00e1y: \u0111\u00e1p \u1ee9ng y\u00eau c\u1ea7u an to\u00e0n cao trong trung t\u00e2m d\u1eef li\u1ec7u &amp; thi\u1ebft b\u1ecb \u0111i\u1ec7n t\u1eed.<br \/>Keo th\u00e2n thi\u1ec7n m\u00f4i tr\u01b0\u1eddng &amp; v\u1eadt li\u1ec7u ph\u00e2n h\u1ee7y sinh h\u1ecdc: gi\u1ea3i ph\u00e1p xanh &amp; b\u1ec1n v\u1eefng, gi\u1ea3m t\u00e1c \u0111\u1ed9ng \u0111\u1ebfn m\u00f4i tr\u01b0\u1eddng.<\/p>","protected":false},"excerpt":{"rendered":"<p>C\u1ed1 \u0111\u1ecbnh ch\u1eafc ch\u1eafn \u2013 Kh\u00f4ng d\u1ec5 bung, ph\u00f9 h\u1ee3p cho nhi\u1ec1u t\u00ecnh hu\u1ed1ng s\u1eed d\u1ee5ng<br \/>\u0110i\u1ec1u ch\u1ec9nh linh ho\u1ea1t: d\u1ec5 d\u00e0ng thay \u0111\u1ed5i \u0111\u1ed9 \u0111\u00e0n h\u1ed3i, th\u00edch \u1ee9ng v\u1edbi nhi\u1ec1u k\u00edch th\u01b0\u1edbc v\u00e0 \u0111\u1ed9 d\u00e0y v\u1eadt d\u1ee5ng kh\u00e1c nhau.<br \/>T\u00e1i s\u1eed d\u1ee5ng nhi\u1ec1u l\u1ea7n: m\u1ed9t s\u1ed1 s\u1ea3n ph\u1ea9m c\u00f2n s\u1eed d\u1ee5ng ch\u1ea5t li\u1ec7u ph\u00e2n h\u1ee7y sinh h\u1ecdc, gi\u00fap gi\u1ea3m thi\u1ec3u thay th\u1ebf th\u01b0\u1eddng xuy\u00ean, ti\u1ebft ki\u1ec7m chi ph\u00ed &amp; th\u00e2n thi\u1ec7n m\u00f4i tr\u01b0\u1eddng.<br \/>B\u1ec1 m\u1eb7t ph\u1eb3ng m\u1ecbn: h\u1ea1n ch\u1ebf x\u00f9 l\u00f4ng, kh\u00f4ng \u0111\u1ec3 l\u1ea1i v\u1ebft h\u1eb1n ho\u1eb7c l\u00e0m h\u01b0 h\u1ea1i b\u1ec1 m\u1eb7t sau khi th\u00e1o g\u1ee1.<\/p>","protected":false},"featured_media":5034,"comment_status":"open","ping_status":"closed","template":"","meta":[],"product_brand":[62],"product_cat":[19,95,101,35],"product_tag":[65,138,144,140],"class_list":{"0":"post-5033","1":"product","2":"type-product","3":"status-publish","4":"has-post-thumbnail","6":"product_brand-namphuong","7":"product_cat-standard","8":"product_cat-back","9":"product_cat-cableties","10":"product_cat-storagestraps","11":"product_tag-100-nylon","12":"product_tag-back-to-back-hook-and-loop","13":"product_tag-cable-ties","14":"product_tag-nylon-hook-and-loop","16":"first","17":"instock","18":"taxable","19":"shipping-taxable","20":"product-type-simple"},"_links":{"self":[{"href":"https:\/\/nfhookloop.com\/en\/wp-json\/wp\/v2\/product\/5033","targetHints":{"allow":["GET"]}}],"collection":[{"href":"https:\/\/nfhookloop.com\/en\/wp-json\/wp\/v2\/product"}],"about":[{"href":"https:\/\/nfhookloop.com\/en\/wp-json\/wp\/v2\/types\/product"}],"replies":[{"embeddable":true,"href":"https:\/\/nfhookloop.com\/en\/wp-json\/wp\/v2\/comments?post=5033"}],"wp:featuredmedia":[{"embeddable":true,"href":"https:\/\/nfhookloop.com\/en\/wp-json\/wp\/v2\/media\/5034"}],"wp:attachment":[{"href":"https:\/\/nfhookloop.com\/en\/wp-json\/wp\/v2\/media?parent=5033"}],"wp:term":[{"taxonomy":"product_brand","embeddable":true,"href":"https:\/\/nfhookloop.com\/en\/wp-json\/wp\/v2\/product_brand?post=5033"},{"taxonomy":"product_cat","embeddable":true,"href":"https:\/\/nfhookloop.com\/en\/wp-json\/wp\/v2\/product_cat?post=5033"},{"taxonomy":"product_tag","embeddable":true,"href":"https:\/\/nfhookloop.com\/en\/wp-json\/wp\/v2\/product_tag?post=5033"}],"curies":[{"name":"wp","href":"https:\/\/api.w.org\/{rel}","templated":true}]}}