{"id":5048,"date":"2025-08-27T02:19:32","date_gmt":"2025-08-27T02:19:32","guid":{"rendered":"https:\/\/nfhookloop.com\/?post_type=product&#038;p=5048"},"modified":"2026-01-24T03:54:42","modified_gmt":"2026-01-24T03:54:42","slug":"np_bbhlts-s01","status":"publish","type":"product","link":"https:\/\/nfhookloop.com\/en\/product\/np_bbhlts-s01\/","title":{"rendered":"B\u00e1n s\u1ec9 b\u0103ng d\u00e1n gai \u2013  x\u00f9 hai m\u1eb7t b\u1eb1ng nylon, d\u1ea1ng d\u00e2y \u0111ai l\u01b0u tr\u1eef, cu\u1ed9n d\u00e0i 1\/3\/5\/10\/25m."},"content":{"rendered":"<p>Kh\u1ea3 n\u0103ng t\u00f9y ch\u1ec9nh v\u01b0\u1ee3t tr\u1ed9i<br \/>Nh\u00e0 cung c\u1ea5p h\u1ed7 tr\u1ee3 nhi\u1ec1u d\u1ecbch v\u1ee5 t\u00f9y ch\u1ec9nh theo y\u00eau c\u1ea7u nh\u01b0 m\u00e0u s\u1eafc, h\u00ecnh d\u1ea1ng (k\u1ec3 c\u1ea3 d\u1ea1ng b\u1ea5t quy t\u1eafc), in logo th\u01b0\u01a1ng hi\u1ec7u\u2026 Kh\u00f4ng ch\u1ec9 \u0111\u00e1p \u1ee9ng nhu c\u1ea7u s\u1eed d\u1ee5ng, s\u1ea3n ph\u1ea9m c\u00f2n gi\u00fap qu\u1ea3ng b\u00e1 ho\u1eb7c c\u00e1 nh\u00e2n h\u00f3a th\u01b0\u01a1ng hi\u1ec7u c\u1ee7a b\u1ea1n.<br \/>V\u1eadt li\u1ec7u v\u00e0 quy tr\u00ecnh \u0111a d\u1ea1ng<br \/>Ngo\u00e0i ch\u1ea5t li\u1ec7u nylon th\u00f4ng d\u1ee5ng, c\u00f2n c\u00f3 nhi\u1ec1u phi\u00ean b\u1ea3n s\u1ea3n ph\u1ea9m \u0111\u1eb7c bi\u1ec7t \u0111\u1ec3 ph\u00f9 h\u1ee3p v\u1edbi nhu c\u1ea7u ri\u00eang bi\u1ec7t, v\u00ed d\u1ee5:<br \/>Ph\u1ee7 ch\u1ed1ng th\u1ea5m n\u01b0\u1edbc &amp; tia UV, l\u00fd t\u01b0\u1edfng cho thi\u1ebft b\u1ecb ngo\u00e0i tr\u1eddi.<br \/>D\u00f2ng ch\u1ed1ng ch\u00e1y, ph\u00f9 h\u1ee3p v\u1edbi m\u00f4i tr\u01b0\u1eddng y\u00eau c\u1ea7u an to\u00e0n cao nh\u01b0 trung t\u00e2m d\u1eef li\u1ec7u v\u00e0 thi\u1ebft b\u1ecb \u0111i\u1ec7n t\u1eed.<br \/>Keo th\u00e2n thi\u1ec7n m\u00f4i tr\u01b0\u1eddng &amp; v\u1eadt li\u1ec7u ph\u00e2n h\u1ee7y sinh h\u1ecdc , gi\u1ea3i ph\u00e1p xanh v\u00e0 b\u1ec1n v\u1eefng h\u01a1n.<\/p>","protected":false},"excerpt":{"rendered":"<p>C\u1ed1 \u0111\u1ecbnh ch\u1eafc ch\u1eafn \u2013 Kh\u00f4ng d\u1ec5 bung tu\u1ed9t, ph\u00f9 h\u1ee3p nhi\u1ec1u t\u00ecnh hu\u1ed1ng s\u1eed d\u1ee5ng<br \/>\u0110i\u1ec1u ch\u1ec9nh linh ho\u1ea1t: d\u1ec5 d\u00e0ng thay \u0111\u1ed5i \u0111\u1ed9 \u0111\u00e0n h\u1ed3i, th\u00edch \u1ee9ng v\u1edbi nhi\u1ec1u \u0111\u1ed9 d\u00e0y v\u00e0 k\u00edch th\u01b0\u1edbc v\u1eadt d\u1ee5ng kh\u00e1c nhau.<br \/>T\u00e1i s\u1eed d\u1ee5ng nhi\u1ec1u l\u1ea7n: m\u1ed9t s\u1ed1 s\u1ea3n ph\u1ea9m s\u1eed d\u1ee5ng ch\u1ea5t li\u1ec7u ph\u00e2n h\u1ee7y sinh h\u1ecdc, th\u00e2n thi\u1ec7n m\u00f4i tr\u01b0\u1eddng, gi\u1ea3m chi ph\u00ed thay th\u1ebf th\u01b0\u1eddng xuy\u00ean.<br \/>B\u1ec1 m\u1eb7t ph\u1eb3ng m\u1ecbn: h\u1ea1n ch\u1ebf x\u00f9 l\u00f4ng, kh\u00f4ng \u0111\u1ec3 l\u1ea1i v\u1ebft h\u1eb1n hay g\u00e2y h\u01b0 h\u1ea1i b\u1ec1 m\u1eb7t v\u1eadt d\u1ee5ng sau khi th\u00e1o.<\/p>","protected":false},"featured_media":5054,"comment_status":"open","ping_status":"closed","template":"","meta":[],"product_brand":[62],"product_cat":[19,95,101,35],"product_tag":[65,138,144,140],"class_list":{"0":"post-5048","1":"product","2":"type-product","3":"status-publish","4":"has-post-thumbnail","6":"product_brand-namphuong","7":"product_cat-standard","8":"product_cat-back","9":"product_cat-cableties","10":"product_cat-storagestraps","11":"product_tag-100-nylon","12":"product_tag-back-to-back-hook-and-loop","13":"product_tag-cable-ties","14":"product_tag-nylon-hook-and-loop","16":"first","17":"instock","18":"taxable","19":"shipping-taxable","20":"product-type-simple"},"_links":{"self":[{"href":"https:\/\/nfhookloop.com\/en\/wp-json\/wp\/v2\/product\/5048","targetHints":{"allow":["GET"]}}],"collection":[{"href":"https:\/\/nfhookloop.com\/en\/wp-json\/wp\/v2\/product"}],"about":[{"href":"https:\/\/nfhookloop.com\/en\/wp-json\/wp\/v2\/types\/product"}],"replies":[{"embeddable":true,"href":"https:\/\/nfhookloop.com\/en\/wp-json\/wp\/v2\/comments?post=5048"}],"wp:featuredmedia":[{"embeddable":true,"href":"https:\/\/nfhookloop.com\/en\/wp-json\/wp\/v2\/media\/5054"}],"wp:attachment":[{"href":"https:\/\/nfhookloop.com\/en\/wp-json\/wp\/v2\/media?parent=5048"}],"wp:term":[{"taxonomy":"product_brand","embeddable":true,"href":"https:\/\/nfhookloop.com\/en\/wp-json\/wp\/v2\/product_brand?post=5048"},{"taxonomy":"product_cat","embeddable":true,"href":"https:\/\/nfhookloop.com\/en\/wp-json\/wp\/v2\/product_cat?post=5048"},{"taxonomy":"product_tag","embeddable":true,"href":"https:\/\/nfhookloop.com\/en\/wp-json\/wp\/v2\/product_tag?post=5048"}],"curies":[{"name":"wp","href":"https:\/\/api.w.org\/{rel}","templated":true}]}}