{"id":5057,"date":"2025-08-27T02:25:49","date_gmt":"2025-08-27T02:25:49","guid":{"rendered":"https:\/\/nfhookloop.com\/?post_type=product&#038;p=5057"},"modified":"2026-01-24T03:52:24","modified_gmt":"2026-01-24T03:52:24","slug":"np_bbhlts-s02","status":"publish","type":"product","link":"https:\/\/nfhookloop.com\/en\/product\/np_bbhlts-s02\/","title":{"rendered":"B\u00e1n s\u1ec9, B\u0103ng gai, b\u0103ng x\u00f9 2 m\u1eb7t  b\u1eb1ng nylon \u2013 D\u00e2y qu\u1ea5n l\u01b0u tr\u1eef, cu\u1ed9n 1\/3\/5\/10\/25m"},"content":{"rendered":"<p>Kh\u1ea3 n\u0103ng t\u00f9y ch\u1ec9nh cao \u2013  Nh\u00e0 cung c\u1ea5p h\u1ed7 tr\u1ee3  nhi\u1ec3u d\u1ecbch v\u1ee5 t\u00f9y ch\u1ec9nh v\u1ec1 m\u00e0u s\u1eafc, h\u00ecnh d\u1ea1ng (k\u1ec3 c\u1ea3 d\u1ea1ng \u0111\u1eb7c bi\u1ec7t), in logo\u2026 Kh\u00f4ng ch\u1ec9 \u0111\u00e1p \u1ee9ng y\u00eau c\u1ea7u ch\u1ee9c n\u0103ng m\u00e0 c\u00f2n gi\u00fap qu\u1ea3ng b\u00e1 ho\u1eb7c c\u00e1 nh\u00e2n h\u00f3a th\u01b0\u01a1ng hi\u1ec7u c\u1ee7a b\u1ea1n.<br \/>\u0110a d\u1ea1ng v\u1eadt li\u1ec7u &amp; quy tr\u00ecnh \u2013 Ngo\u00e0i ch\u1ea5t li\u1ec7u nylon ph\u1ed5 bi\u1ebfn, c\u00f2n c\u00f3 s\u1ea3n ph\u1ea9m t\u00f9y ch\u1ec9nh cho nhu c\u1ea7u \u0111\u1eb7c bi\u1ec7t, ch\u1eb3ng h\u1ea1n nh\u01b0:<br \/>\u2022 Ph\u1ee7 ch\u1ed1ng th\u1ea5m &amp; ch\u1ed1ng tia UV \u2013 Th\u00edch h\u1ee3p cho thi\u1ebft b\u1ecb ngo\u00e0i tr\u1eddi.<br \/>\u2022 Ch\u1ed1ng ch\u00e1y \u2013 Ph\u00f9 h\u1ee3p cho c\u00e1c y\u00eau c\u1ea7u an to\u00e0n cao nh\u01b0 trung t\u00e2m d\u1eef li\u1ec7u v\u00e0 thi\u1ebft b\u1ecb \u0111i\u1ec7n t\u1eed.<br \/>\u2022 Keo th\u00e2n thi\u1ec7n m\u00f4i tr\u01b0\u1eddng &amp; v\u1eadt li\u1ec7u ph\u00e2n h\u1ee7y sinh h\u1ecdc \u2013 Gi\u1ea3i ph\u00e1p xanh, b\u1ec1n v\u1eefng h\u01a1n.<\/p>","protected":false},"excerpt":{"rendered":"<p>\u2022 C\u1ed1 \u0111\u1ecbnh ch\u1eafc ch\u1eafn \u2013 Kh\u00f4ng d\u1ec5 bong tu\u1ed9t, ph\u00f9 h\u1ee3p nhi\u1ec1u t\u00ecnh hu\u1ed1ng s\u1eed d\u1ee5ng.<br \/>\u2022 \u0110i\u1ec1u ch\u1ec9nh linh ho\u1ea1t \u2013 Co gi\u00e3n t\u1ef1 do, d\u1ec5 d\u00e0ng t\u00f9y ch\u1ec9nh theo \u0111\u1ed9 d\u00e0y m\u1ecfng c\u1ee7a v\u1eadt d\u1ee5ng.<br \/>\u2022 T\u00e1i s\u1eed d\u1ee5ng nhi\u1ec1u l\u1ea7n \u2013 M\u1ed9t s\u1ed1 s\u1ea3n ph\u1ea9m s\u1eed d\u1ee5ng v\u1eadt li\u1ec7u ph\u00e2n h\u1ee7y sinh h\u1ecdc, gi\u1ea3m phi\u1ec1n to\u00e1i ph\u1ea3i thay m\u1edbi th\u01b0\u1eddng xuy\u00ean.<br \/>\u2022 B\u1ec1 m\u1eb7t m\u1ecbn \u0111\u1eb9p \u2013 Kh\u00f4ng x\u00f9 l\u00f4ng, kh\u00f4ng \u0111\u1ec3 l\u1ea1i d\u1ea5u v\u1ebft hay l\u00e0m h\u01b0 h\u1ea1i b\u1ec1 m\u1eb7t.<\/p>","protected":false},"featured_media":5049,"comment_status":"open","ping_status":"closed","template":"","meta":[],"product_brand":[62],"product_cat":[19,95],"product_tag":[65,138,144,140],"class_list":{"0":"post-5057","1":"product","2":"type-product","3":"status-publish","4":"has-post-thumbnail","6":"product_brand-namphuong","7":"product_cat-standard","8":"product_cat-back","9":"product_tag-100-nylon","10":"product_tag-back-to-back-hook-and-loop","11":"product_tag-cable-ties","12":"product_tag-nylon-hook-and-loop","14":"first","15":"instock","16":"taxable","17":"shipping-taxable","18":"product-type-simple"},"_links":{"self":[{"href":"https:\/\/nfhookloop.com\/en\/wp-json\/wp\/v2\/product\/5057","targetHints":{"allow":["GET"]}}],"collection":[{"href":"https:\/\/nfhookloop.com\/en\/wp-json\/wp\/v2\/product"}],"about":[{"href":"https:\/\/nfhookloop.com\/en\/wp-json\/wp\/v2\/types\/product"}],"replies":[{"embeddable":true,"href":"https:\/\/nfhookloop.com\/en\/wp-json\/wp\/v2\/comments?post=5057"}],"wp:featuredmedia":[{"embeddable":true,"href":"https:\/\/nfhookloop.com\/en\/wp-json\/wp\/v2\/media\/5049"}],"wp:attachment":[{"href":"https:\/\/nfhookloop.com\/en\/wp-json\/wp\/v2\/media?parent=5057"}],"wp:term":[{"taxonomy":"product_brand","embeddable":true,"href":"https:\/\/nfhookloop.com\/en\/wp-json\/wp\/v2\/product_brand?post=5057"},{"taxonomy":"product_cat","embeddable":true,"href":"https:\/\/nfhookloop.com\/en\/wp-json\/wp\/v2\/product_cat?post=5057"},{"taxonomy":"product_tag","embeddable":true,"href":"https:\/\/nfhookloop.com\/en\/wp-json\/wp\/v2\/product_tag?post=5057"}],"curies":[{"name":"wp","href":"https:\/\/api.w.org\/{rel}","templated":true}]}}