{"id":5079,"date":"2025-08-27T02:38:33","date_gmt":"2025-08-27T02:38:33","guid":{"rendered":"https:\/\/nfhookloop.com\/?post_type=product&#038;p=5079"},"modified":"2026-01-24T03:17:48","modified_gmt":"2026-01-24T03:17:48","slug":"np_bbhlts-s06","status":"publish","type":"product","link":"https:\/\/nfhookloop.com\/en\/product\/np_bbhlts-s06\/","title":{"rendered":"B\u00e1n s\u1ec9 cu\u1ed9n d\u00e2y b\u0103ng gai v\u00e0 b\u0103ng x\u00f9 hai m\u1eb7t &#8211; D\u00e2y \u0111ai l\u01b0u tr\u1eef ch\u1ea5t li\u1ec7u nylon 1\/3\/5\/10\/25M &#8211; M\u00e0u xanh l\u00e1"},"content":{"rendered":"<p>T\u00f9y ch\u1ec9nh linh ho\u1ea1t: Nhi\u1ec1u nh\u00e0 cung c\u1ea5p h\u1ed7 tr\u1ee3 c\u00e1c d\u1ecbch v\u1ee5 t\u00f9y ch\u1ec9nh nh\u01b0 m\u00e0u s\u1eafc, h\u00ecnh d\u1ea1ng (k\u1ec3 c\u1ea3 h\u00ecnh d\u1ea1ng kh\u00f4ng \u0111\u1ec1u), in logo, v.v. Kh\u00f4ng ch\u1ec9 \u0111\u00e1p \u1ee9ng c\u00e1c y\u00eau c\u1ea7u v\u1ec1 ch\u1ee9c n\u0103ng, m\u00e0 c\u00f2n c\u00f3 th\u1ec3 gi\u00fap qu\u1ea3ng b\u00e1 ho\u1eb7c c\u00e1 nh\u00e2n h\u00f3a th\u01b0\u01a1ng hi\u1ec7u c\u1ee7a b\u1ea1n<br \/>\u0110a d\u1ea1ng v\u1eadt li\u1ec7u v\u00e0 quy tr\u00ecnh s\u1ea3n xu\u1ea5t: B\u00ean c\u1ea1nh ch\u1ea5t li\u1ec7u nylon th\u00f4ng d\u1ee5ng, c\u00f2n c\u00f3 th\u1ec3 t\u00f9y ch\u1ec9nh theo c\u00e1c nhu c\u1ea7u \u0111\u1eb7c bi\u1ec7t nh\u01b0:<br \/>L\u1edbp ph\u1ee7 ch\u1ed1ng n\u01b0\u1edbc v\u00e0 ch\u1ed1ng tia UV: Ph\u00f9 h\u1ee3p v\u1edbi c\u00e1c thi\u1ebft b\u1ecb s\u1eed d\u1ee5ng ngo\u00e0i tr\u1eddi.<br \/>M\u00f4 h\u00ecnh ch\u1ed1ng ch\u00e1y: Ph\u00f9 h\u1ee3p c\u00e1c thi\u1ebft b\u1ecb y\u00eau c\u1ea7u \u0111\u1ed9 an to\u00e0n cao nh\u01b0 trung t\u00e2m d\u1eef li\u1ec7u ho\u1eb7c thi\u1ebft b\u1ecb \u0111i\u1ec7n t\u1eed.<br \/>S\u1eed d\u1ee5ng keo th\u00e2n thi\u1ec7n v\u1edbi m\u00f4i tr\u01b0\u1eddng v\u00e0 v\u1eadt li\u1ec7u ph\u00e2n h\u1ee7y sinh h\u1ecdc: Gi\u1ea3i ph\u00e1p xanh v\u00e0 b\u1ec1n v\u1eefng h\u01a1n.<\/p>","protected":false},"excerpt":{"rendered":"<p>Bu\u1ed9c ch\u1eafc ch\u1eafn, kh\u00f3 tu\u1ed9t, ph\u00f9 h\u1ee3p v\u1edbi nhi\u1ec1u t\u00ecnh hu\u1ed1ng s\u1eed d\u1ee5ng kh\u00e1c nhau.<br \/>\u0110i\u1ec1u ch\u1ec9nh \u0111\u1ed9 co gi\u00e3n linh ho\u1ea1t, d\u1ec5 d\u00e0ng \u0111i\u1ec1u ch\u1ec9nh theo \u0111\u1ed9 d\u00e0y m\u1ecfng c\u1ee7a v\u1eadt c\u1ea7n bu\u1ed9c.<br \/>C\u00f3 th\u1ec3 t\u00e1i s\u1eed d\u1ee5ng, m\u1ed9t s\u1ed1 s\u1ea3n ph\u1ea9m s\u1eed d\u1ee5ng v\u1eadt li\u1ec7u ph\u00e2n h\u1ee7y sinh h\u1ecdc, gi\u00fap gi\u1ea3m phi\u1ec1n to\u00e1i khi ph\u1ea3i thay th\u1ebf th\u01b0\u1eddng xuy\u00ean.<br \/>B\u1ec1 m\u1eb7t ph\u1eb3ng, kh\u00f4ng d\u1ec5 x\u00f9 l\u00f4ng, kh\u00f4ng \u0111\u1ec3 l\u1ea1i v\u1ebft h\u1eb1n hay g\u00e2y h\u01b0 h\u1ea1i cho b\u1ec1 m\u1eb7t ti\u1ebfp x\u00fac.<\/p>","protected":false},"featured_media":5051,"comment_status":"open","ping_status":"closed","template":"","meta":[],"product_brand":[62],"product_cat":[19,95],"product_tag":[65,138,144,140],"class_list":{"0":"post-5079","1":"product","2":"type-product","3":"status-publish","4":"has-post-thumbnail","6":"product_brand-namphuong","7":"product_cat-standard","8":"product_cat-back","9":"product_tag-100-nylon","10":"product_tag-back-to-back-hook-and-loop","11":"product_tag-cable-ties","12":"product_tag-nylon-hook-and-loop","14":"first","15":"instock","16":"taxable","17":"shipping-taxable","18":"product-type-simple"},"_links":{"self":[{"href":"https:\/\/nfhookloop.com\/en\/wp-json\/wp\/v2\/product\/5079","targetHints":{"allow":["GET"]}}],"collection":[{"href":"https:\/\/nfhookloop.com\/en\/wp-json\/wp\/v2\/product"}],"about":[{"href":"https:\/\/nfhookloop.com\/en\/wp-json\/wp\/v2\/types\/product"}],"replies":[{"embeddable":true,"href":"https:\/\/nfhookloop.com\/en\/wp-json\/wp\/v2\/comments?post=5079"}],"wp:featuredmedia":[{"embeddable":true,"href":"https:\/\/nfhookloop.com\/en\/wp-json\/wp\/v2\/media\/5051"}],"wp:attachment":[{"href":"https:\/\/nfhookloop.com\/en\/wp-json\/wp\/v2\/media?parent=5079"}],"wp:term":[{"taxonomy":"product_brand","embeddable":true,"href":"https:\/\/nfhookloop.com\/en\/wp-json\/wp\/v2\/product_brand?post=5079"},{"taxonomy":"product_cat","embeddable":true,"href":"https:\/\/nfhookloop.com\/en\/wp-json\/wp\/v2\/product_cat?post=5079"},{"taxonomy":"product_tag","embeddable":true,"href":"https:\/\/nfhookloop.com\/en\/wp-json\/wp\/v2\/product_tag?post=5079"}],"curies":[{"name":"wp","href":"https:\/\/api.w.org\/{rel}","templated":true}]}}