{"id":5143,"date":"2025-08-27T08:00:07","date_gmt":"2025-08-27T08:00:07","guid":{"rendered":"https:\/\/nfhookloop.com\/?post_type=product&#038;p=5143"},"modified":"2026-01-24T02:35:59","modified_gmt":"2026-01-24T02:35:59","slug":"np_ivmk-003","status":"publish","type":"product","link":"https:\/\/nfhookloop.com\/en\/product\/np_ivmk-003\/","title":{"rendered":"Nh\u00e3n d\u00e1n h\u00ecnh ng\u00f4i sao b\u0103ng gai &#8211; b\u0103ng x\u00f9 t\u00f9y ch\u1ec9nh. D\u00f9ng cho \u0111\u00e1nh d\u1ea5u th\u1ea3m trong l\u1edbp h\u1ecdc, ph\u00f2ng h\u1ecdp, tr\u01b0\u1eddng h\u1ecdc,.."},"content":{"rendered":"<p>Thi\u1ebft k\u1ebf s\u1eed d\u1ee5ng s\u1ef1 k\u1ebft h\u1ee3p gi\u1eefa m\u1eb7t gai (b\u1ec1 m\u1eb7t c\u1ee9ng) v\u00e0 b\u1ec1 m\u1eb7t l\u00f4ng th\u1ea3m (b\u1ec1 m\u1eb7t m\u1ec1m), d\u1ec5 d\u00e0ng d\u00ednh ch\u1eb7t v\u00e0o nhau, ch\u1eafc ch\u1eafn v\u00e0 kh\u00f3 x\u00ea d\u1ecbch khi s\u1eed d\u1ee5ng, v\u00e0 d\u1ec5 d\u00e0ng th\u00e1o l\u1eafp, t\u00e1i s\u1eed d\u1ee5ng nhi\u1ec1u l\u1ea7n.<br \/>S\u1ea3n ph\u1ea9m \u0111\u01b0\u1ee3c l\u00e0m ch\u1ee7 y\u1ebfu t\u1eeb nylon cao c\u1ea5p v\u00e0 c\u00e1c v\u1eadt li\u1ec7u kh\u00e1c, m\u1ec1m m\u1ea1i, kh\u00f4ng g\u00e2y k\u00edch \u1ee9ng da, b\u1ec1n v\u00e0 th\u00e2n thi\u1ec7n v\u1edbi m\u00f4i tr\u01b0\u1eddng<br \/>Ph\u01b0\u01a1ng ph\u00e1p gi\u1ea3ng d\u1ea1y th\u00f4ng qua tr\u00f2 ch\u01a1i nh\u01b0: \u0111\u1ecbnh v\u1ecb, nh\u1ea3y, gh\u00e9p h\u00ecnh,\u2026 ph\u00f9 h\u1ee3p v\u1edbi \u0111\u1eb7c \u0111i\u1ec3m nh\u1eadn th\u1ee9c c\u1ee7a tr\u1ebb<br \/>C\u00f3 s\u1eb5n nhi\u1ec1u m\u00e0u s\u1eafc, h\u00ecnh d\u1ea1ng, k\u00edch th\u01b0\u1edbc kh\u00e1c nhau, \u0111\u1ed3ng th\u1eddi h\u1ed7 tr\u1ee3 t\u00f9y ch\u1ec9nh theo y\u00eau c\u1ea7u \u2013 v\u00ed d\u1ee5: h\u00ecnh tr\u00f2n, h\u00ecnh vu\u00f4ng, ng\u00f4i sao, h\u00ecnh con v\u1eadt ho\u1eb7c c\u00e2y c\u1ed1i, th\u1eadm ch\u00ed c\u00f3 th\u1ec3 in theo y\u00eau c\u1ea7u nh\u01b0 ch\u1eef c\u00e1i, s\u1ed1, logo, h\u00ecnh \u1ea3nh, v.v.<\/p>","protected":false},"excerpt":{"rendered":"<p>Ch\u1ea5m d\u00e1n b\u0103ng gai, b\u0103ng x\u00f9 d\u00f9ng \u0111\u00e1nh d\u1ea5u th\u1ea3m l\u1edbp h\u1ecdc l\u00e0 m\u1ed9t c\u00f4ng c\u1ee5 h\u1ed7 tr\u1ee3 gi\u1ea3ng d\u1ea1y hi\u1ec7u qu\u1ea3, gi\u00fap n\u00e2ng cao t\u00ednh t\u1ed5 ch\u1ee9c v\u00e0 t\u1ea1o s\u1ef1 h\u1ee9ng th\u00fa trong l\u1edbp h\u1ecdc.<br \/>S\u1ea3n ph\u1ea9m n\u00e0y k\u1ebft h\u1ee3p kh\u00e9o l\u00e9o gi\u1eefa h\u1ecdc t\u1eadp v\u00e0 tr\u00f2 ch\u01a1i th\u00f4ng qua thi\u1ebft k\u1ebf c\u1ea5u tr\u00fac v\u00e0 ch\u1ea5t li\u1ec7u \u0111\u1ed9c \u0111\u00e1o, gi\u00fap l\u1edbp h\u1ecdc tr\u1edf n\u00ean g\u1ecdn g\u00e0ng h\u01a1n v\u00e0 t\u0103ng c\u01b0\u1eddng t\u00ednh t\u01b0\u01a1ng t\u00e1c trong l\u1edbp h\u1ecdc hi\u1ec7u qu\u1ea3 h\u01a1n.<\/p>","protected":false},"featured_media":5132,"comment_status":"open","ping_status":"closed","template":"","meta":[],"product_brand":[62],"product_cat":[16,99],"product_tag":[145,140],"class_list":{"0":"post-5143","1":"product","2":"type-product","3":"status-publish","4":"has-post-thumbnail","6":"product_brand-namphuong","7":"product_cat-special","8":"product_cat-carpetmarking","9":"product_tag-carpet-marking","10":"product_tag-nylon-hook-and-loop","12":"first","13":"instock","14":"taxable","15":"shipping-taxable","16":"product-type-simple"},"_links":{"self":[{"href":"https:\/\/nfhookloop.com\/en\/wp-json\/wp\/v2\/product\/5143","targetHints":{"allow":["GET"]}}],"collection":[{"href":"https:\/\/nfhookloop.com\/en\/wp-json\/wp\/v2\/product"}],"about":[{"href":"https:\/\/nfhookloop.com\/en\/wp-json\/wp\/v2\/types\/product"}],"replies":[{"embeddable":true,"href":"https:\/\/nfhookloop.com\/en\/wp-json\/wp\/v2\/comments?post=5143"}],"wp:featuredmedia":[{"embeddable":true,"href":"https:\/\/nfhookloop.com\/en\/wp-json\/wp\/v2\/media\/5132"}],"wp:attachment":[{"href":"https:\/\/nfhookloop.com\/en\/wp-json\/wp\/v2\/media?parent=5143"}],"wp:term":[{"taxonomy":"product_brand","embeddable":true,"href":"https:\/\/nfhookloop.com\/en\/wp-json\/wp\/v2\/product_brand?post=5143"},{"taxonomy":"product_cat","embeddable":true,"href":"https:\/\/nfhookloop.com\/en\/wp-json\/wp\/v2\/product_cat?post=5143"},{"taxonomy":"product_tag","embeddable":true,"href":"https:\/\/nfhookloop.com\/en\/wp-json\/wp\/v2\/product_tag?post=5143"}],"curies":[{"name":"wp","href":"https:\/\/api.w.org\/{rel}","templated":true}]}}